{"id":8318,"date":"2016-06-15T00:24:04","date_gmt":"2016-06-15T00:24:04","guid":{"rendered":"https:\/\/slyauto.com\/about-us\/"},"modified":"2025-05-24T22:53:50","modified_gmt":"2025-05-24T22:53:50","slug":"a-propos","status":"publish","type":"page","link":"https:\/\/slyauto.com\/fr\/a-propos\/","title":{"rendered":"A Propos"},"content":{"rendered":"<div class=\"wpb-content-wrapper\"><p>[vc_row full_width=&#8221;stretch_row&#8221; el_class=&#8221;content-about&#8221;][vc_column][vc_row_inner][vc_column_inner css=&#8221;.vc_custom_1552883228263{padding-top: 50px !important;padding-right: 85px !important;padding-left: 85px !important;background-color: #ffffff !important;}&#8221;][vc_column_text css=&#8221;&#8221;]<\/p>\n<h2 class=\"title-about\" style=\"text-align: justify;\">SLYAUTO<\/h2>\n<p style=\"text-align: justify;\">Le mat\u00e9riel de diagnostic automobile propose une large gamme d&#8217;outils, allant des simples lecteurs de codes d\u00e9fauts aux valises de diagnostic compl\u00e8tes. Ces plateformes sont destin\u00e9es aux professionnels et aux particuliers souhaitant diagnostiquer et r\u00e9parer les v\u00e9hicules. Elles offrent des produits de marques vari\u00e9es, comme Thinkcar, Launch, Topdon, Icarsoft, Otofix et Autel, permettant de lire, d&#8217;effacer les d\u00e9fauts et d&#8217;optimiser les performances des v\u00e9hicules.<br \/>\nainsi on propose une assistance professionnelle et un service adapt\u00e9 selon la demande, n&#8217;h\u00e9sitez pas \u00e0 nous contacter<\/p>\n<p>[\/vc_column_text][vc_empty_space height=&#8221;60px&#8221;][\/vc_column_inner][\/vc_row_inner][vc_row_inner][vc_column_inner][tbay_video thumbnail_image=&#8221;6028&#8243;][\/vc_column_inner][\/vc_row_inner][\/vc_column][\/vc_row]<\/p>\n<\/div>","protected":false},"excerpt":{"rendered":"<p>[vc_row full_width=&#8221;stretch_row&#8221; el_class=&#8221;content-about&#8221;][vc_column][vc_row_inner][vc_column_inner css=&#8221;.vc_custom_1552883228263{padding-top: 50px !important;padding-right: 85px !important;padding-left: 85px !important;background-color: #ffffff !important;}&#8221;][vc_column_text css=&#8221;&#8221;] SLYAUTO Le mat\u00e9riel de diagnostic automobile propose une large gamme d&#8217;outils, allant des simples lecteurs de codes d\u00e9fauts aux valises de diagnostic compl\u00e8tes. Ces plateformes sont destin\u00e9es aux professionnels et aux particuliers souhaitant diagnostiquer et r\u00e9parer les v\u00e9hicules. Elles offrent des produits &hellip; <a href=\"https:\/\/slyauto.com\/fr\/a-propos\/\" class=\"more-link\">Continue reading <span class=\"screen-reader-text\">A Propos<\/span><\/a><\/p>\n","protected":false},"author":1,"featured_media":0,"parent":0,"menu_order":0,"comment_status":"closed","ping_status":"closed","template":"","meta":{"footnotes":""},"class_list":["post-8318","page","type-page","status-publish","hentry"],"_links":{"self":[{"href":"https:\/\/slyauto.com\/fr\/wp-json\/wp\/v2\/pages\/8318","targetHints":{"allow":["GET"]}}],"collection":[{"href":"https:\/\/slyauto.com\/fr\/wp-json\/wp\/v2\/pages"}],"about":[{"href":"https:\/\/slyauto.com\/fr\/wp-json\/wp\/v2\/types\/page"}],"author":[{"embeddable":true,"href":"https:\/\/slyauto.com\/fr\/wp-json\/wp\/v2\/users\/1"}],"replies":[{"embeddable":true,"href":"https:\/\/slyauto.com\/fr\/wp-json\/wp\/v2\/comments?post=8318"}],"version-history":[{"count":3,"href":"https:\/\/slyauto.com\/fr\/wp-json\/wp\/v2\/pages\/8318\/revisions"}],"predecessor-version":[{"id":8336,"href":"https:\/\/slyauto.com\/fr\/wp-json\/wp\/v2\/pages\/8318\/revisions\/8336"}],"wp:attachment":[{"href":"https:\/\/slyauto.com\/fr\/wp-json\/wp\/v2\/media?parent=8318"}],"curies":[{"name":"wp","href":"https:\/\/api.w.org\/{rel}","templated":true}]}}