{"id":8384,"date":"2025-06-16T16:05:20","date_gmt":"2025-06-16T16:05:20","guid":{"rendered":"https:\/\/slyauto.com\/?post_type=product&#038;p=8384"},"modified":"2025-06-16T16:05:20","modified_gmt":"2025-06-16T16:05:20","slug":"kess3","status":"publish","type":"product","link":"https:\/\/slyauto.com\/fr\/shop\/kess3\/","title":{"rendered":"KESS3"},"content":{"rendered":"<p>Le KESS3 a \u00e9t\u00e9 d\u00e9velopp\u00e9 pour permettre \u00e0 quiconque, du jeune passionn\u00e9 de moteurs aux techniciens m\u00e9catroniques les plus sp\u00e9cialis\u00e9s, d\u2019avoir une interface simple et rapide pour reprogrammer n\u2019importe quel calculateur moteur et de bo\u00eete de vitesses automatique sur le march\u00e9.<\/p>\n<p>Des performances sensationnelles, une grande flexibilit\u00e9 op\u00e9rationnelle et plus de facilit\u00e9s d\u2019utilisation pour vous permettent d\u2019interfacer les calculateurs moteurs et de bo\u00eete de vitesses avec un seul outil.<\/p>\n","protected":false},"excerpt":{"rendered":"<p>Programmation ECU et TCU via OBD, boot et bench.<\/p>\n","protected":false},"featured_media":8385,"comment_status":"open","ping_status":"closed","template":"","meta":[],"product_brand":[],"product_cat":[149,142,157],"product_tag":[],"class_list":{"0":"post-8384","1":"product","2":"type-product","3":"status-publish","4":"has-post-thumbnail","6":"product_cat-chiptuning-area","7":"product_cat-programmers","8":"product_cat-recommended-products","11":"instock","12":"shipping-taxable","13":"purchasable","14":"product-type-simple"},"_links":{"self":[{"href":"https:\/\/slyauto.com\/fr\/wp-json\/wp\/v2\/product\/8384","targetHints":{"allow":["GET"]}}],"collection":[{"href":"https:\/\/slyauto.com\/fr\/wp-json\/wp\/v2\/product"}],"about":[{"href":"https:\/\/slyauto.com\/fr\/wp-json\/wp\/v2\/types\/product"}],"replies":[{"embeddable":true,"href":"https:\/\/slyauto.com\/fr\/wp-json\/wp\/v2\/comments?post=8384"}],"wp:featuredmedia":[{"embeddable":true,"href":"https:\/\/slyauto.com\/fr\/wp-json\/wp\/v2\/media\/8385"}],"wp:attachment":[{"href":"https:\/\/slyauto.com\/fr\/wp-json\/wp\/v2\/media?parent=8384"}],"wp:term":[{"taxonomy":"product_brand","embeddable":true,"href":"https:\/\/slyauto.com\/fr\/wp-json\/wp\/v2\/product_brand?post=8384"},{"taxonomy":"product_cat","embeddable":true,"href":"https:\/\/slyauto.com\/fr\/wp-json\/wp\/v2\/product_cat?post=8384"},{"taxonomy":"product_tag","embeddable":true,"href":"https:\/\/slyauto.com\/fr\/wp-json\/wp\/v2\/product_tag?post=8384"}],"curies":[{"name":"wp","href":"https:\/\/api.w.org\/{rel}","templated":true}]}}