{"id":8387,"date":"2025-06-16T16:10:52","date_gmt":"2025-06-16T16:10:52","guid":{"rendered":"https:\/\/slyauto.com\/?post_type=product&#038;p=8387"},"modified":"2025-06-16T16:10:52","modified_gmt":"2025-06-16T16:10:52","slug":"thinkcar-thinkdiag-2","status":"publish","type":"product","link":"https:\/\/slyauto.com\/fr\/shop\/thinkcar-thinkdiag-2\/","title":{"rendered":"THINKCAR ThinkDiag 2"},"content":{"rendered":"<p><strong>THINKCAR ThinkDiag 2 All System Diagnostic Scanner<\/strong><\/p>\n<p>ThinkDiag2 est con\u00e7u pour les propri\u00e9taires de voitures individuels, les diyers et les ateliers de r\u00e9paration mineurs, qui a un menu distinct de 15 fonctions sp\u00e9ciales standard, telles que la r\u00e9initialisation de l&#8217;huile, la r\u00e9initialisation EPB, la r\u00e9g\u00e9n\u00e9ration du DPF, l&#8217;\u00e9talonnage SAS, le saignement ABS, le code d&#8217;injecteur, l&#8217;immo correspondance, le TPMS R\u00e9initialiser, etc. Entrez \u00e0 partir du menu de diagnostic All-System pour d\u00e9bloquer plus de fonctions sp\u00e9ciales du syst\u00e8me et g\u00e9rer efficacement la r\u00e9initialisation et le r\u00e9apparition de la plupart des voitures.<\/p>\n","protected":false},"excerpt":{"rendered":"<ul>\n<li>Version am\u00e9lior\u00e9e de ThinkDiag.<\/li>\n<li><strong>Support Can-FD Protocol, ajouter plus de voitures<\/strong><\/li>\n<li><strong>Codage ECU + Bidirectionnel \/ actif test<\/strong><\/li>\n<li><strong>Diagnostic complet du syst\u00e8me + 16 Service functions<\/strong><\/li>\n<li><strong>Adaptation + Immo Key Matching + Auto Vin<\/strong><\/li>\n<li>Couvre 98% des mod\u00e8les de voitures disponibles sur le march\u00e9<\/li>\n<li><strong>Soutenir 12+ langues:\u00a0<\/strong>Anglais, fran\u00e7ais, espagnol, \u00e9ducation morale, italien, portugais, japonais, russe, polonais, tch\u00e8que, turc, chinois<\/li>\n<li>D\u00e9tection automatique de la voiture en 10 secondes<\/li>\n<li>Soutenir le rapport de sant\u00e9 des voitures imprim\u00e9es<\/li>\n<li><strong>Prise en charge de l&#8217;IOS\u00a0et du Bluetooth, et Android<\/strong><\/li>\n<li><strong>Avec des fonctions OBD2 compl\u00e8tes.<\/strong><\/li>\n<li><strong>Mise \u00e0 jour gratuite d&#8217;un an en ligne<\/strong>.(Note:\u00a0Apr\u00e8s 1 an de mise \u00e0 niveau gratuite expir\u00e9e, il ne peut pas \u00eatre utilis\u00e9 si aucun renouveau<\/li>\n<\/ul>\n","protected":false},"featured_media":8388,"comment_status":"open","ping_status":"closed","template":"","meta":[],"product_brand":[],"product_cat":[143,157,141],"product_tag":[],"class_list":{"0":"post-8387","1":"product","2":"type-product","3":"status-publish","4":"has-post-thumbnail","6":"product_cat-diagnostic-interfaces","7":"product_cat-recommended-products","8":"product_cat-special-offers","11":"instock","12":"shipping-taxable","13":"purchasable","14":"product-type-simple"},"_links":{"self":[{"href":"https:\/\/slyauto.com\/fr\/wp-json\/wp\/v2\/product\/8387","targetHints":{"allow":["GET"]}}],"collection":[{"href":"https:\/\/slyauto.com\/fr\/wp-json\/wp\/v2\/product"}],"about":[{"href":"https:\/\/slyauto.com\/fr\/wp-json\/wp\/v2\/types\/product"}],"replies":[{"embeddable":true,"href":"https:\/\/slyauto.com\/fr\/wp-json\/wp\/v2\/comments?post=8387"}],"wp:featuredmedia":[{"embeddable":true,"href":"https:\/\/slyauto.com\/fr\/wp-json\/wp\/v2\/media\/8388"}],"wp:attachment":[{"href":"https:\/\/slyauto.com\/fr\/wp-json\/wp\/v2\/media?parent=8387"}],"wp:term":[{"taxonomy":"product_brand","embeddable":true,"href":"https:\/\/slyauto.com\/fr\/wp-json\/wp\/v2\/product_brand?post=8387"},{"taxonomy":"product_cat","embeddable":true,"href":"https:\/\/slyauto.com\/fr\/wp-json\/wp\/v2\/product_cat?post=8387"},{"taxonomy":"product_tag","embeddable":true,"href":"https:\/\/slyauto.com\/fr\/wp-json\/wp\/v2\/product_tag?post=8387"}],"curies":[{"name":"wp","href":"https:\/\/api.w.org\/{rel}","templated":true}]}}