{"id":8390,"date":"2025-06-16T16:22:03","date_gmt":"2025-06-16T16:22:03","guid":{"rendered":"https:\/\/slyauto.com\/?post_type=product&#038;p=8390"},"modified":"2025-06-16T16:22:03","modified_gmt":"2025-06-16T16:22:03","slug":"formulaflash-ecu-tcu-chip-tuning-programmer","status":"publish","type":"product","link":"https:\/\/slyauto.com\/fr\/shop\/formulaflash-ecu-tcu-chip-tuning-programmer\/","title":{"rendered":"FormulaFLash ECU TCU Chip Tuning Programmer"},"content":{"rendered":"<p><strong>1. Prise en charge des logiciels et du mat\u00e9riel Mise \u00e0 jour en ligne<br \/>\n2. Aucun enregistrement de messagerie ou de mot de passe requis, activation en un clic via un r\u00e9seau informatique<br \/>\n3. M\u00e9thodes de connexion:\u00a0<\/strong>bench, obd, boot (les fonctions OBD seront mises \u00e0 jour \u00e0 l&#8217;avenir).<br \/>\n<strong>4. Prise en charge MD1CS018, MD1CS016, DQ381, DQ380, MG1CA094, MD1CS015, MD1CE108, MD1CC878, MD1CE100C etc.\u00a0<\/strong>(Foxflash ne peut pas prendre en charge ces mod\u00e8les)<br \/>\n<strong>5. Avec abonnement gratuit pendant un an<\/strong>, apr\u00e8s un an, le prix est de \u20ac339.<br \/>\n<strong>6.\u00a0Utilisation multifonctionnelle:<\/strong>\u00a0clone ECU, lecture et \u00e9criture de donn\u00e9es rapides, modification VIN, Immo Off, mise \u00e0 niveau de puissance, DTC Clean.<br \/>\n<strong>7.\u00a0Support multi-langues:<\/strong>\u00a0anglais, espagnol, russe, Cor\u00e9e, chinois.<br \/>\n8. Recherche rapide, facile \u00e0 utiliser, stable et puissant, l\u00e9ger et facile \u00e0 transporter, sch\u00e9ma de connexion couverture compl\u00e8te, support technique.<br \/>\n<strong>9. Fournir plusieurs types de v\u00e9hicules:<\/strong>\u00a0v\u00e9lo, camion, tracteur, bus, bateau, voiture.<\/p>\n","protected":false},"excerpt":{"rendered":"<p>Forulaflash est une solution de r\u00e9glage ECU et TCU tout-en-un. Il offre un abonnement gratuit pendant 12 mois. Une fois l&#8217;abonnement logiciel expir\u00e9, le logiciel cessera de mise \u00e0 jour, mais les fonctions existantes continueront d&#8217;\u00eatre disponibles.<\/p>\n","protected":false},"featured_media":8391,"comment_status":"open","ping_status":"closed","template":"","meta":[],"product_brand":[],"product_cat":[149,140,142],"product_tag":[],"class_list":{"0":"post-8390","1":"product","2":"type-product","3":"status-publish","4":"has-post-thumbnail","6":"product_cat-chiptuning-area","7":"product_cat-news","8":"product_cat-programmers","11":"instock","12":"shipping-taxable","13":"purchasable","14":"product-type-simple"},"_links":{"self":[{"href":"https:\/\/slyauto.com\/fr\/wp-json\/wp\/v2\/product\/8390","targetHints":{"allow":["GET"]}}],"collection":[{"href":"https:\/\/slyauto.com\/fr\/wp-json\/wp\/v2\/product"}],"about":[{"href":"https:\/\/slyauto.com\/fr\/wp-json\/wp\/v2\/types\/product"}],"replies":[{"embeddable":true,"href":"https:\/\/slyauto.com\/fr\/wp-json\/wp\/v2\/comments?post=8390"}],"wp:featuredmedia":[{"embeddable":true,"href":"https:\/\/slyauto.com\/fr\/wp-json\/wp\/v2\/media\/8391"}],"wp:attachment":[{"href":"https:\/\/slyauto.com\/fr\/wp-json\/wp\/v2\/media?parent=8390"}],"wp:term":[{"taxonomy":"product_brand","embeddable":true,"href":"https:\/\/slyauto.com\/fr\/wp-json\/wp\/v2\/product_brand?post=8390"},{"taxonomy":"product_cat","embeddable":true,"href":"https:\/\/slyauto.com\/fr\/wp-json\/wp\/v2\/product_cat?post=8390"},{"taxonomy":"product_tag","embeddable":true,"href":"https:\/\/slyauto.com\/fr\/wp-json\/wp\/v2\/product_tag?post=8390"}],"curies":[{"name":"wp","href":"https:\/\/api.w.org\/{rel}","templated":true}]}}