{"id":8801,"date":"2025-07-22T08:57:06","date_gmt":"2025-07-22T08:57:06","guid":{"rendered":"https:\/\/slyauto.com\/?post_type=product&#038;p=8801"},"modified":"2025-07-22T08:57:07","modified_gmt":"2025-07-22T08:57:07","slug":"abp1-airbag-crash-erase-pack","status":"publish","type":"product","link":"https:\/\/slyauto.com\/fr\/shop\/abp1-airbag-crash-erase-pack\/","title":{"rendered":"ABP1 &#8211; AirBag Crash Erase pack"},"content":{"rendered":"<h2>ABP1<\/h2>\n<p>&nbsp;<\/p>\n<p>The AirBag License Package. The price of the kit includes all the licenses from the list below.<\/p>\n<p>&nbsp;<\/p>\n<h3>Supported models and features:<\/h3>\n<ul>\n<li><strong>AB0010<\/strong>\u00a0Crash Data Erasing a file. Read eeprom is done by the OBD system (opcja dost\u0119pna od 10\/12\/2015)<\/li>\n<li><strong>AB0012<\/strong>\u00a0Dacia SPC560 identification, status Crash, clear Crash OBD (opcja dost\u0119pna od 14.03.2017)<\/li>\n<li><strong>AB0012<\/strong>\u00a0Renault Clio4, Capture SPC560 identification, status Crash, clear Crash OBD (opcja dost\u0119pna od 14.03.2017)<\/li>\n<li><strong>AB0013<\/strong>\u00a0Reanult Megane 4, Kadjar, Espace 5 XC23xx clear Crash OBD (opcja dost\u0119pna od 22.08.2017)<\/li>\n<li><strong>AB0013<\/strong>\u00a0Astra J, Insignia Read Errors, Erase Errors\/Crash OBD (opcja dost\u0119pna od 22.08.2017)<\/li>\n<li><strong>AB0014<\/strong>\u00a0AirBag Reanult\/Dacia Clear CRASH , Read EEprom\u00a0(opcja dost\u0119pna od 11.01.2018)<\/li>\n<li><strong>AB0015<\/strong>\u00a0PSA AirBag Module 70F36xx, SPC560 Clear Crash by dump (opcja dost\u0119pna od 12.04.2018)<\/li>\n<li><strong>AB0016<\/strong>\u00a0Subaru AirBag Kline 2005-2012 zawiera H8SX OBD Read Errors, Erase Errors, Cear Crash\u00a0(opcja dost\u0119pna od 30.04.2018)<\/li>\n<li><strong>AB0018<\/strong>\u00a0Renault Clio, Capture Airbag na RH850 (R7F7010xx) OBD: Identyfication, Read Errors, Erase Errors, Cear Crash (opcja dost\u0119pna od 22.06.2018)<\/li>\n<li><strong>AB0019<\/strong>\u00a0Ford Bosch 2010-&#8230; AirBag Clear Crash OBD (opcja dost\u0119pna od 04.12.2018)<\/li>\n<li><strong>AB0020<\/strong>\u00a0Toyota\/Lexus AirBag R5F617xx Read Flash CAN (opcja dost\u0119pna od 25.03.2019)<\/li>\n<li><strong>AB0021<\/strong>\u00a0Subaru Airbag Modules on R5F617xx Read Flash by CAN (opcja dost\u0119pna od 31.07.2019)<\/li>\n<li><strong>AB0022<\/strong>\u00a0Volvo AirBag Modules 60\/70\/80 2010-&#8230; 70F3466+95128 Bosch Read Errors, Erase Errors, Read EEprom, Clear Crash OBD (opcja dost\u0119pna od 15.01.2020)<\/li>\n<li><strong>AB0023<\/strong>\u00a0Ford AirBag Module TC222 2017-&#8230; OBD: Read\/Write EEprom, Read Flash OBD obs\u0142ugiwane wersje EU i USA\u00a0 (opcja dost\u0119pna od 20.02.2020)<\/li>\n<li><strong>AB0024<\/strong>\u00a0Volvo AirBag modules TMS570 Clear Crash\/Events OBD (opcja dost\u0119pna od 28.06.2020)<\/li>\n<li><strong>AB0025<\/strong>\u00a0Volvo AirBag modules RH850 Clear Crash\/Events OBD (opcja dost\u0119pna od 28.06.2020)<\/li>\n<li><strong>AB0026\u00a0<\/strong>Renault Clio 5 &#8230;\u00a0 Clear Crash (opcja dost\u0119pna od 08.09.2020)<\/li>\n<li><strong>AB0027<\/strong>\u00a0Mazda, Nissan AirBag TC2xx OBD\u00a0Read\/Write EEprom,\u00a0Read\/Erase Errors\u00a0(opcja dost\u0119pna od 01.10.2020)<\/li>\n<li><strong>AB0028<\/strong>\u00a0Ford AirBag Module 2005-2018 OBD with EEprom (95080, 95160, 95320, 95640) Read\/Write EEprom, Read\/Erase Errors (opcja dost\u0119pna od 01.10.2020)<\/li>\n<li><strong>AB0029<\/strong>\u00a0AirBag Audi, PSA, Nissan Bosch CAN (OBD) Read\/Write EEprom, Read\/Erase Errors (opcja dost\u0119pna od 28.10.2020)<\/li>\n<li><strong>AB0030<\/strong>\u00a0AirBag Hyundai TC2xx OBD Read\/Write EEprom, Read\/Erase Errors (opcja dost\u0119pna od 09.11.2020)<\/li>\n<li><strong>AB0031<\/strong>\u00a0VW, Seat, Skoda Old AirBag Modules VW5\/VW51\/VW61 (1C0,6Q0,1J0) Read\/Write EEprom, Clear Crash Data (opcja dost\u0119pna od 21.05.2021)<\/li>\n<li><strong>AB0032<\/strong>\u00a0Honda AirBag SPC560, SPC56A, R7F701A221, R7F701686 Clear Crash, Erase Errors (opcja dost\u0119pna od 16.11.2021)<\/li>\n<li><strong>AB0033<\/strong>\u00a0AirBag Mercedes W117, W164, W166, W176, W246, W447 Bosch 95xxx Crash OBD (opcja dost\u0119pna od 04.01.2022)<\/li>\n<li><strong>AB0034<\/strong>\u00a0AirBagToyota TC2xx (TRW) Clear Crash, Read\/Erase Errors (opcja dost\u0119pna od 26.01.2022)<\/li>\n<li><strong>AB0035\u00a0<\/strong>Jeep AirBag modules Bosch (95xxx) OBD Read\/Erase Errors, Read\/Write EEprom (opcja dost\u0119pna od 23.02.2022)<\/li>\n<li><strong>AB0036<\/strong>\u00a0AirBag Ford\/Jaguar\/Landrover Bosch RH850 (R7F7010xxx) OBD Clear Crash, Read\/Erase Errors (opcja dost\u0119pna od 17.05.2022)<\/li>\n<li><strong>AB0037<\/strong>\u00a0Subaru AirBag Bosch RH850 (R7F7010643) OBD Clear Crash, Read\/Erase Errors (opcja dost\u0119pna od 24.05.2022)<\/li>\n<li><strong>AB0038<\/strong>\u00a0Kia\/Hyundai AirBag RH850 Bosch, Continental (R7F7010xxx) Clear Crash OBD (opcja dost\u0119pna od 27.05.2022)<\/li>\n<li><strong>AB0039<\/strong>\u00a0AirBag Land Rover (Veoneer) Clear Crash, Read\/Erase errors przez z\u0142\u0105cze sterownika (opcja dost\u0119pna od 27.06.2022)<\/li>\n<li><strong>AB0040<\/strong>\u00a0AirBag Nissan Leaf, Bosch RH850 module Clear Crash Read\/Erase errors (opcja dost\u0119pna od 02.07.2022)<\/li>\n<li><strong>AB0041<\/strong>\u00a0Kia\/Hyundai SPC560 Continental AirBag module Clear Crash, Read\/Erase Errors (opcja dost\u0119pna od 02.07.2022)<\/li>\n<li><strong>AB0042<\/strong>\u00a0AirBag PSA SPC560 Continental\u00a0 Clear Crash, Read\/Erase Errors by ECU Connector (opcja dost\u0119pna od 12.09.2022)<\/li>\n<li><strong>AB0043<\/strong>\u00a0AirBag Kia\/ Hyundai TRW TC23x Clear Crash, Read\/Erase Errors OBD (opcja dost\u0119pna od 29.09.2022)<\/li>\n<li><strong>AB0044<\/strong>\u00a0AirBag Tesla RH850 R7F70&#8230; Clear Crash, Read\/Erase Errors OBD (opcja dost\u0119pna od 29.09.2022)<\/li>\n<li><strong>AB0045<\/strong>\u00a0AirBag Nissan Murano TC22x, TC2xx OBD Clear Crash, Read\/Erase Errors (opcja dost\u0119pna od 29.09.2022)<\/li>\n<li><strong>AB0046<\/strong>\u00a0AirBag Kia Hyundai Veoneer TC2xx OBD Clear Crash, Read\/Erase Errors (opcja dost\u0119pna od 03.11.2022)<\/li>\n<li><strong>AB0047\u00a0<\/strong>AirBag Nissan Qashqai TC2xx Veoneer 2020-&#8230; Clear Crash, Read\/Erase Errors, Read\/Write EEprom (opcja dost\u0119pna od 21.12.2022)<\/li>\n<li><strong>AB0048<\/strong>\u00a0AirBag Kia\/Hyundai Continental Rh850 R7F7015xxx Clear Crash, Read\/Erase Errors CAN FD on Bench (opcja dost\u0119pna od 10.01.2023)<\/li>\n<li><strong>AB0049<\/strong>\u00a0AirBag SSang Young Continental RH850 2020-&#8230;\u00a0 Clear Crash OBD or Bench Connection, Read\/Erase Errors Read\/Write EEprom (opcja dost\u0119pna od 27.02.2023)<\/li>\n<li><strong>AB0050<\/strong>\u00a0AirBag module Hyundai Veoneer RH850\u00a0 Clear Crash OBD or Bench Connection, Read\/Erase Errors Read\/Write EEprom (opcja dost\u0119pna od 27.02.2023)<\/li>\n<li><strong>AB0051<\/strong>\u00a0AirBag module PSA Autolive 70F3624+95xxx UDS\u00a0 Clear Crash Bench Connection, Read\/Erase Errors Read\/Write EEprom (opcja dost\u0119pna od 27.02.2023)<\/li>\n<li><strong>AB0052<\/strong>\u00a0AirBag module Kia, Hyundai Mobis TC233+95512\u00a0 Clear Crash by CAN FD, Read\/Erase Errors (opcja dost\u0119pna od 15.03.2023)<\/li>\n<li><strong>AB0053<\/strong>\u00a0AirBag Audi Continental 4N0959655, 80A959655 on bench with getway Clear Crash Counter, Clear Crash, Read\/Erase Errors (opcja dost\u0119pna od 05.04.2023)<\/li>\n<li><strong>AB0055<\/strong>\u00a0Toyota AirBag RH850 (R7F701A223) OBD or by bench connection Clear Crash, Read\/Erase Errors, Write Flash (opcja dost\u0119pna od 26.06.2023)<\/li>\n<li><strong>AB0056<\/strong>\u00a0AirBag Suzuki SPC560, RH850, MG Continental TRW TC224 OBD Clear Crash, Read\/Erase Errors (opcja dost\u0119pna od 01.07.2023)<\/li>\n<li>Ford Airbag ECU Infineon XC23xx<\/li>\n<li>Volvo Airbag ECU XC23xx<\/li>\n<\/ul>\n<p>Opcja dost\u0119pna dla posiadaczy licencji AB0001, AB0003, AB0004. (licencja jest niezb\u0119dna do Read\/Write EEprom przez OBD)<\/p>\n<p>AB0001\u00a0Ford:<\/p>\n<ul>\n<li>AirBag XC2361 Ford 2012: Read\/Write EE (opcja dost\u0119pna od 04.03.2015)\u00a0 AB0009 &#8220;CLEAR CRASH&#8221;<\/li>\n<li>AirBag XC2361 Ford 2011: Read\/Write EE (opcja dost\u0119pna od 04.03.2015)\u00a0 AB0009 &#8220;CLEAR CRASH&#8221;<\/li>\n<li>AirBag MAC7242 Ford:Read\/Write EE<\/li>\n<\/ul>\n<p>AB0002\u00a0Mazda:<\/p>\n<ul>\n<li>Mazda CX5 (XC2361):Read\/Write EEprom, Read\/Erase Errors,(from 04.09.2014) option Clear Crash<\/li>\n<li>Mazda 6 (MAC7242): Read\/Write EEprom, Erase Errors<\/li>\n<\/ul>\n<p>AB0003\u00a0Range Rover\/Jaguar:<\/p>\n<ul>\n<li>AirBag Range Rover XC2361A-56: Read\/Write EEprom, Read Flash, Read\/Erase Errors<\/li>\n<li>AirBag Range Rover XC2361A-72 (2013-&#8230;): Read\/Write EEprom, Read Flash, Read\/Erase Errors<\/li>\n<li>AirBag Jaguar XC2361 (64kb) : Read\/Write EE<\/li>\n<\/ul>\n<p>AB0011\u00a0 Volvo\u00a0AirBag HC12\/HCS12\/CR16 OBD (opcja dost\u0119pna od 12.05.2016)<\/p>\n<ul>\n<li>Volvo serie 40\/50 AirBag Module OBD Temic HC9S12 Read\/Write Flash, Read\/Write EEprom, Erase Crash<\/li>\n<li>Volvo serie 60 AirBag Module OBD Temic HC9S12X Read\/Write Flash, Read\/Write EEprom, Erase Crash<\/li>\n<li>Volvo serie 60\/70\/80 AirBag Module OBD Bosch CR16(QFP 80) Read\/Write EEprom, Erase Crash<\/li>\n<\/ul>\n<p>AB0008\u00a0Module AirBag pedestrians protection system volvo v40 OBD Read\/Write EEprom, Erase Errors (opcja dost\u0119pna od 29.09.2014)<\/p>\n<p>AB0004\u00a0AirBag Volvo S40 XC2361: Read\/Write EE, Clear Crash by File, Read\/Write Errors<\/p>\n<p>AB0005\u00a0Kia\/Hyunday:<\/p>\n<ul>\n<li>Kia\/Hyunday AirBag MAC7242: Read\/Write EE, Erase Errors<\/li>\n<li>Kia\/Hyunday AirBag XC2361A-56\u00a0 Read\/Write EEprom, Read Flash, Erase Errors<\/li>\n<li>Kia\/Hyunday AirBag XC2336A-56\u00a0 Read\/Write EEprom, Read Flash, Erase Errors<\/li>\n<li>Kia\/Hyunday AirBag XC2336B\u00a0 Read\/Write EEprom, Read Flash, Erase Errors<\/li>\n<li>Kia\/Hyunday AirBag XC2361A-72\u00a0 Read\/Write EEprom, Read Flash, Erase Errors<\/li>\n<\/ul>\n<p><strong>Nissan:<\/strong><\/p>\n<p>AB0006\u00a0Nissan Altima AirBag ECU (XC236x) Read\/Write EEprom, Erase Errors (opcja dost\u0119pna od 10.03.2014)<\/p>\n<p>AB0017\u00a0Nisan AirBag XC2336 2014-&#8230; OBD (opcja dost\u0119pna od 13.06.2018)<\/p>\n<p>AB0007\u00a0Honda:<\/p>\n<ul>\n<li>Honda AirBag old (TMS): Clear Crash<\/li>\n<li>Honda AirBag Crash Erase na H8SX(renesas): Clear Crash (available from 10.03.2014)\n<ul>\n<li>77960-SZN-A011-M1<\/li>\n<li>77960-SZT-A011-M2<\/li>\n<li>77960-SZT-G811-M2<\/li>\n<li>77960-SZT-J411-M2<\/li>\n<li>77960-SZT-L010-M2<\/li>\n<li>77960-STX-A211-M1<\/li>\n<li>77960-STX-A311-M1<\/li>\n<li>77960-TK8-A011-M1<\/li>\n<li>77960-TM8-A020-M2<\/li>\n<li>77960-TM8-A031-M2<\/li>\n<li>77960-TM8-G820-M2<\/li>\n<li>77960-TP6-A111-M2<\/li>\n<li>77960-TR0-L012-M2<\/li>\n<\/ul>\n<\/li>\n<\/ul>\n","protected":false},"excerpt":{"rendered":"<p>ABP1 &nbsp; The AirBag License Package. The price of the kit includes all the licenses from the list below. &nbsp; Supported models and features: AB0010\u00a0Crash Data Erasing a file. Read eeprom is done by the OBD system (opcja dost\u0119pna od 10\/12\/2015) AB0012\u00a0Dacia SPC560 identification, status Crash, clear Crash OBD (opcja dost\u0119pna od 14.03.2017) AB0012\u00a0Renault Clio4, &hellip; <a href=\"https:\/\/slyauto.com\/fr\/shop\/abp1-airbag-crash-erase-pack\/\" class=\"more-link\">Continue reading <span class=\"screen-reader-text\">ABP1 &#8211; AirBag Crash Erase pack<\/span><\/a><\/p>\n","protected":false},"featured_media":8802,"comment_status":"open","ping_status":"closed","template":"","meta":[],"product_brand":[],"product_cat":[142],"product_tag":[],"class_list":{"0":"post-8801","1":"product","2":"type-product","3":"status-publish","4":"has-post-thumbnail","6":"product_cat-programmers","9":"instock","10":"shipping-taxable","11":"purchasable","12":"product-type-simple"},"_links":{"self":[{"href":"https:\/\/slyauto.com\/fr\/wp-json\/wp\/v2\/product\/8801","targetHints":{"allow":["GET"]}}],"collection":[{"href":"https:\/\/slyauto.com\/fr\/wp-json\/wp\/v2\/product"}],"about":[{"href":"https:\/\/slyauto.com\/fr\/wp-json\/wp\/v2\/types\/product"}],"replies":[{"embeddable":true,"href":"https:\/\/slyauto.com\/fr\/wp-json\/wp\/v2\/comments?post=8801"}],"wp:featuredmedia":[{"embeddable":true,"href":"https:\/\/slyauto.com\/fr\/wp-json\/wp\/v2\/media\/8802"}],"wp:attachment":[{"href":"https:\/\/slyauto.com\/fr\/wp-json\/wp\/v2\/media?parent=8801"}],"wp:term":[{"taxonomy":"product_brand","embeddable":true,"href":"https:\/\/slyauto.com\/fr\/wp-json\/wp\/v2\/product_brand?post=8801"},{"taxonomy":"product_cat","embeddable":true,"href":"https:\/\/slyauto.com\/fr\/wp-json\/wp\/v2\/product_cat?post=8801"},{"taxonomy":"product_tag","embeddable":true,"href":"https:\/\/slyauto.com\/fr\/wp-json\/wp\/v2\/product_tag?post=8801"}],"curies":[{"name":"wp","href":"https:\/\/api.w.org\/{rel}","templated":true}]}}