{"id":8811,"date":"2025-07-22T09:10:27","date_gmt":"2025-07-22T09:10:27","guid":{"rendered":"https:\/\/slyauto.com\/?post_type=product&#038;p=8811"},"modified":"2025-07-22T09:10:27","modified_gmt":"2025-07-22T09:10:27","slug":"ftp1-smok-fiat-alfa-lancia-obd","status":"publish","type":"product","link":"https:\/\/slyauto.com\/fr\/shop\/ftp1-smok-fiat-alfa-lancia-obd\/","title":{"rendered":"FTP1 &#8211; SMOK Fiat\/Alfa\/Lancia OBD"},"content":{"rendered":"<p><strong>FTP1<\/strong><\/p>\n<h3><\/h3>\n<h3>License package allowing you to service cars from the Fiat, Lancia, Alfa group. The price of the kit consists of all licenses from the list below:<\/h3>\n<p><strong>Alfa:<\/strong><\/p>\n<ul>\n<li><strong>FT0021<\/strong>\u00a0Dump Tool ECU ME17.3.1, MED17.3.1\u00a0 (opcja dost\u0119pna od 11.05.2020)<\/li>\n<li><strong>FT0020<\/strong>\u00a0Alfa Stelvio Read KM (opcja dost\u0119pna od 02.02.2020)<\/li>\n<li><strong>FT0010<\/strong>\u00a0Alfa Mito Read\/Reset Insp., Erase Errors, Read KM<\/li>\n<li><strong>FT0010<\/strong>\u00a0Alfa Giulietta Read\/Reset Insp., Erase Errors, Read KM<\/li>\n<li><strong>FT0006<\/strong>\u00a0Alfa 147 (93c86) Read \/ Reset insp., Read KM<\/li>\n<li><strong>FT0006<\/strong>\u00a0Alfa 147 NEC Read\/Reset Insp., Erase Errors, Read KM<\/li>\n<li><strong>FT0005<\/strong>\u00a0Alfa 159 Read\/Reset Insp., Erase Errors, Read KM<\/li>\n<li><strong>FT0005<\/strong>\u00a0Alfa Breara Read\/Reset Insp., Erase Errors, Read KM<\/li>\n<li><strong>FT0005<\/strong>\u00a0Alfa GTV Read\/Reset Insp., Erase Errors, Read KM<\/li>\n<\/ul>\n<p><strong>Lancia:<\/strong><\/p>\n<ul>\n<li><strong>FT0005<\/strong>\u00a0Lancia Musa 2006-2007 Read\/Reset Insp., Erase Errors, Read KM<\/li>\n<li><strong>FT0005<\/strong>\u00a0Lancia Y Read\/Reset Insp., Erase Errors, Read KM<\/li>\n<\/ul>\n<p><strong>Fiat:<\/strong><\/p>\n<ul>\n<li><strong>FT0019<\/strong>\u00a0Fiat 500X 2018-&#8230;\u00a0 Read KM,&#8230; (opcja dost\u0119pna od 02.02.2020)<\/li>\n<li><strong>FT0017<\/strong>\u00a0Fiat Tipo 2015-&#8230; Read\/Write EEprom, Read KM (opcja dost\u0119pna od 30.03.2017)<\/li>\n<li><strong>FT0017<\/strong>\u00a0Dodge Neon 2015- OBD<strong>\u00a0<\/strong>Read\/Write EEprom,\u00a0Read KM<strong>\u00a0\u00a0<\/strong><\/li>\n<li><strong>Fiat 500x TFT<\/strong>\u00a0= Jeep Renegade\u00a0Read KM&#8230;\u00a0<strong>UWAGA<\/strong>\u00a0Opcja nie jest zawarta w pakiecie Fiat\/Renault. W celu obs\u0142ugi tego modelu nale\u017cy wykupi\u0107 licencj\u0119 CR0004<\/li>\n<li><strong>FT0014<\/strong>\u00a0Fiat 500 TFT 2014-&#8230; OBD Read KM&#8230; (opcja dost\u0119pna od 27.07.2016)<\/li>\n<li><strong>FT0012<\/strong>\u00a0Fiat Freemonth Read\/Reset Insp., Erase Errors,\u00a0Read KM (opcja dost\u0119pna od 04.09.2014)<\/li>\n<li><strong>FT0011<\/strong>\u00a0Fiat Panda 2012&#8230; OBD\u00a0 Read\/reset insp. , Erase Errors,\u00a0Read KM (opcja dost\u0119pna od 16.07.2014)<\/li>\n<li><strong>FT0010<\/strong>\u00a0Fiat 500L Read\/Reset Insp., Erase Errors, Read KM<\/li>\n<li><strong>FT0009<\/strong>\u00a0Fiat Grande Punto Lift Read\/Reset Insp., Erase Errors, Read KM<\/li>\n<li><strong>FT0009<\/strong>\u00a0Fiat Punto EVO Read\/Reset Insp., Erase Errors, Read KM<\/li>\n<li><strong>FT0009<\/strong>\u00a0Fiat Ducato 2011-&#8230; Read\/Reset Insp., Erase Errors, Read KM<\/li>\n<li><strong>FT0009<\/strong>\u00a0Ducato\/Iveco Daily 2011-&#8230;Read\/Reset Insp., Erase Errors, Read KM<\/li>\n<li><strong>FT0008<\/strong>\u00a0Fiat 500 Read\/Reset Insp., Erase Errors, Read KM<\/li>\n<li><strong>FT0003<\/strong>\u00a0Fiat Grande Punto Read\/Reset Insp., Erase Errors, Read KM<\/li>\n<li><strong>FT0002<\/strong>\u00a0Fiat Stillo HC12D60 Read\/Reset Insp., Erase Errors, Read KM<\/li>\n<li><strong>FT0002<\/strong>\u00a0Fiat Stillo HCS12 Read\/Reset Insp., Erase Errors, Read KM<\/li>\n<li><strong>FT0001<\/strong>\u00a0Fiat Punto 99-2002 Motorola Read \/ Reset insp., Read KM<\/li>\n<li><strong>FT0001<\/strong>\u00a0Fiat Punto 99-2002 NEC Read\/Reset Insp., Erase Errors, Read KM<\/li>\n<li><strong>FT0001<\/strong>\u00a0Fiat Punto 2002-2006 NEC Read\/Reset Insp., Erase Errors, Read KM<\/li>\n<li><strong>FT0001<\/strong>\u00a0Fiat Doblo 99-2006 Motorola Read\/Reset Insp., Erase Errors, Read KM<\/li>\n<li><strong>FT0001<\/strong>\u00a0Fiat Doblo 99-2006 NEC Read\/Reset Insp., Erase Errors, Read KM<\/li>\n<li><strong>FT0001<\/strong>\u00a0Fiat Panda 2004-2007 95040 Read\/Reset Insp., Erase Errors, Read KM<\/li>\n<li><strong>FT0001<\/strong>\u00a0Fiat Panda 2004-2007 95080 Read\/Reset Insp., Erase Errors, Read KM<\/li>\n<li><strong>FT0001<\/strong>\u00a0Fiat Idea 2004-2007 95040 Read\/Reset Insp., Erase Errors, Read KM<\/li>\n<li><strong>FT0001<\/strong>\u00a0Fiat Idea 2004-2007 95080 Read\/Reset Insp., Erase Errors, Read KM<\/li>\n<li><strong>FT0001<\/strong>\u00a0Fiat Croma 2005-2007 Read\/Reset Insp., Erase Errors, Read KM<\/li>\n<li><strong>FT0001<\/strong>\u00a0Fiat Bravo 2005-2007 Read\/Reset Insp., Erase Errors, Read KM<\/li>\n<li><strong>FT0001<\/strong>\u00a0Fiat Ducato 2006&#8230;2011 Read\/Reset Insp., Erase Errors, Read KM<\/li>\n<li><strong>FT0001<\/strong>\u00a0Fiat Linea 95080 Read\/Reset Insp., Erase Errors, Read KM<\/li>\n<li><strong>FT0001<\/strong>\u00a0Fiat Qubo Read\/Reset Insp., Erase Errors, Read KM<\/li>\n<li><strong>FT0001<\/strong>\u00a0Fiat Fiorino Read\/Reset Insp., Erase Errors, Read KM<\/li>\n<li><strong>FT0001<\/strong>\u00a0Fiat Bipper Read\/Reset Insp., Erase Errors, Read KM<\/li>\n<\/ul>\n<p><strong>Opcja Dump Tool kalkulator :<\/strong><\/p>\n<ul>\n<li><strong>FT0007<\/strong>\u00a0Fiat IAW 6F3, Fiat IAW 8F3\u00a0 Calculate orginal KM, Write new KM<\/li>\n<li><strong>FT0007<\/strong>\u00a0Fiat EDC16 v.1,2,3,4 Calculate orginal KM, Write new KM<\/li>\n<li><strong>FT0007<\/strong>\u00a0Fiat EDC16 CP33 Calculate orginal KM, Write new KM<\/li>\n<li><strong>FT0007\u00a0<\/strong>Fiat EDC17 C49 Calculate orginal KM, Write new KM<\/li>\n<li><strong>FT0007\u00a0<\/strong>Fiat EDC17 C52 Old Calculate orginal KM, Write new KM<\/li>\n<li><strong>FT0007<\/strong>\u00a0Fiat EDC17 C52 New Calculate orginal KM, Write new KM<\/li>\n<li><strong>FT0007<\/strong>\u00a0Iveco EDC16 v.1,2 Calculate orginal KM, Write new KM<\/li>\n<li><strong>FT0007<\/strong>\u00a0Iveco EDC17 CP52 Calculate orginal KM, Write new KM<\/li>\n<li><strong>FT0007<\/strong>\u00a0Body Iveco Daily 2014 Calculate orginal KM, Write new KM<\/li>\n<\/ul>\n<p><strong>EDC16:<\/strong><\/p>\n<ul>\n<li><strong>FT0004<\/strong>\u00a0EDC16 (niekt\u00f3re modele) Read Insp., Reset Insp, Erase Errors, Read KM, &#8230;<\/li>\n<\/ul>\n<p><strong>Ford:<\/strong><\/p>\n<ul>\n<li><strong>FT0005<\/strong>\u00a0Ford KA Read\/Reset Insp., Erase Errors, Read KM<\/li>\n<\/ul>\n<p><strong>Citroen\/Peugeot:<\/strong><\/p>\n<ul>\n<li><strong>FT0009<\/strong>\u00a0Peugeot Boxer 2011-&#8230; Read\/Reset Insp., Erase Errors, Read KM<\/li>\n<li><strong>FT0009<\/strong>\u00a0Citroen Jumpy 2011-&#8230; Read\/Reset Insp., Erase Errors, Read KM<\/li>\n<li><strong>FT0003<\/strong>\u00a0Peugeot Beeper Read\/Reset Insp., Erase Errors, Read KM<\/li>\n<li><strong>FT0003<\/strong>\u00a0Citroen Nemo Read\/Reset Insp., Erase Errors, Read KM<\/li>\n<li><strong>FT0001<\/strong>\u00a0Peugeot Boxer 2006-&#8230; Read\/Reset Insp., Erase Errors, Read KM<\/li>\n<li><strong>FT0001<\/strong>\u00a0Citroen Jumpy 2006&#8230;. Read\/Reset Insp., Erase Errors, Read KM<\/li>\n<\/ul>\n<p><strong>Iveco:<\/strong><\/p>\n<ul>\n<li><strong>FT0022<\/strong>\u00a0Iveco Dailly 2020 przez z\u0142\u0105cze licznika (opcja dost\u0119pna od 03.06.2020)<\/li>\n<li><strong>FT0018<\/strong>\u00a0Iveco EDC17 Read\/Write Moto H OBD, Read KM&#8230; (opcja dost\u0119pna od 28.06.2018)<\/li>\n<li><strong>FT0015<\/strong>\u00a0Iveco Daily 2014-&#8230;\u00a0Read KM (opcja dost\u0119pna od 23.01.2017)<\/li>\n<li><strong>FT0001<\/strong>\u00a0Iveco Daily 2007-&#8230; Read\/Reset Insp., Erase Errors, Read KM<\/li>\n<\/ul>\n<p><strong>Maserati:<\/strong><\/p>\n<ul>\n<li><strong>FT0001<\/strong>\u00a0Maserati Quattro Porte 2005-2006 Read\/Reset Insp., Erase Errors, Read KM<\/li>\n<\/ul>\n","protected":false},"excerpt":{"rendered":"<p>FTP1 License package allowing you to service cars from the Fiat, Lancia, Alfa group. The price of the kit consists of all licenses from the list below: Alfa: FT0021\u00a0Dump Tool ECU ME17.3.1, MED17.3.1\u00a0 (opcja dost\u0119pna od 11.05.2020) FT0020\u00a0Alfa Stelvio Read KM (opcja dost\u0119pna od 02.02.2020) FT0010\u00a0Alfa Mito Read\/Reset Insp., Erase Errors, Read KM FT0010\u00a0Alfa Giulietta &hellip; <a href=\"https:\/\/slyauto.com\/fr\/shop\/ftp1-smok-fiat-alfa-lancia-obd\/\" class=\"more-link\">Continue reading <span class=\"screen-reader-text\">FTP1 &#8211; SMOK Fiat\/Alfa\/Lancia OBD<\/span><\/a><\/p>\n","protected":false},"featured_media":8808,"comment_status":"open","ping_status":"closed","template":"","meta":[],"product_brand":[],"product_cat":[142],"product_tag":[],"class_list":{"0":"post-8811","1":"product","2":"type-product","3":"status-publish","4":"has-post-thumbnail","6":"product_cat-programmers","9":"instock","10":"shipping-taxable","11":"purchasable","12":"product-type-simple"},"_links":{"self":[{"href":"https:\/\/slyauto.com\/fr\/wp-json\/wp\/v2\/product\/8811","targetHints":{"allow":["GET"]}}],"collection":[{"href":"https:\/\/slyauto.com\/fr\/wp-json\/wp\/v2\/product"}],"about":[{"href":"https:\/\/slyauto.com\/fr\/wp-json\/wp\/v2\/types\/product"}],"replies":[{"embeddable":true,"href":"https:\/\/slyauto.com\/fr\/wp-json\/wp\/v2\/comments?post=8811"}],"wp:featuredmedia":[{"embeddable":true,"href":"https:\/\/slyauto.com\/fr\/wp-json\/wp\/v2\/media\/8808"}],"wp:attachment":[{"href":"https:\/\/slyauto.com\/fr\/wp-json\/wp\/v2\/media?parent=8811"}],"wp:term":[{"taxonomy":"product_brand","embeddable":true,"href":"https:\/\/slyauto.com\/fr\/wp-json\/wp\/v2\/product_brand?post=8811"},{"taxonomy":"product_cat","embeddable":true,"href":"https:\/\/slyauto.com\/fr\/wp-json\/wp\/v2\/product_cat?post=8811"},{"taxonomy":"product_tag","embeddable":true,"href":"https:\/\/slyauto.com\/fr\/wp-json\/wp\/v2\/product_tag?post=8811"}],"curies":[{"name":"wp","href":"https:\/\/api.w.org\/{rel}","templated":true}]}}