{"id":8814,"date":"2025-07-22T10:52:19","date_gmt":"2025-07-22T10:52:19","guid":{"rendered":"https:\/\/slyauto.com\/?post_type=product&#038;p=8814"},"modified":"2025-07-22T10:52:20","modified_gmt":"2025-07-22T10:52:20","slug":"kap1-smok-kia-hyundai-obd","status":"publish","type":"product","link":"https:\/\/slyauto.com\/fr\/shop\/kap1-smok-kia-hyundai-obd\/","title":{"rendered":"KAP1 &#8211; SMOK Kia\/Hyundai OBD"},"content":{"rendered":"<h3><strong>KAP1<\/strong><\/h3>\n<h3><\/h3>\n<h3>License package to service cars from Kia, Hyundai. The price of the kit consists of all licenses from the list below:<\/h3>\n<p>&nbsp;<\/p>\n<p>Kia Dump tool mileage calculator:<\/p>\n<ul>\n<li><strong>KA0003<\/strong>\u00a0KIA\/Hyundai EDC17 v1<\/li>\n<li><strong>KA0003<\/strong>\u00a0KIA\/Hyundai EDC17 v2<\/li>\n<\/ul>\n<p>Supporting models and functions:<\/p>\n<p>Kia:<\/p>\n<ul>\n<li><strong>KA0005\u00a0<\/strong>NEC+24c16 2015-&#8230;<\/li>\n<li><strong>KA0006<\/strong>\u00a0Kia Sportage 2017 Yazaki\u00a0Read KM (dost\u0119pna od 02.03.2017)<\/li>\n<li><strong>KA0007<\/strong>\u00a0Kia Sportage, Stringer, Hyundai Stonic OBD Read\/Write EEprom,\u00a0Read KM (dost\u0119pna od 21.05.2018)<\/li>\n<li><strong>KA0008<\/strong>\u00a0Kia Niro Visteon Read KM OBD (dost\u0119pna od 11.03.2019)<\/li>\n<li><strong>KA0009<\/strong>\u00a0Kia Forte MB91F06x Read\/Write Flash by CAN,\u00a0Read KM (dost\u0119pna od 11.05.2019)<\/li>\n<li><strong>KA0010<\/strong>\u00a0Kia 2013-&#8230; MB91F037+93C66 OBD IX35, Cadenza, Carens Read\/Write EEprom, Read\/Write Flash, Read info, Write &#8230; (dost\u0119pna od 07.01.2020)<\/li>\n<li><strong>KA0011<\/strong>\u00a0Hyundai Vanue, Hyundai Genesis\u00a0 Read\/Write EEprom, Read KM, Write&#8230; (dost\u0119pna od 15.11.2021)<\/li>\n<li><strong>KA0012\u00a0<\/strong>Kia Proceed Virtual Mobis 2021 by dash Connector Read\/Write Configuration, Read KM\/Write.. (dost\u0119pna od 02.12.2021)<\/li>\n<li><strong>KA0013<\/strong>\u00a0Kia Ceed DNPO RH850 2021 Read KM\/Write&#8230; przez z\u0142\u0105cze licznika (dost\u0119pna od 31.01.2022)<\/li>\n<li><strong>KA0014\u00a0<\/strong>Kia Bayon Virtual DNKR RH850 2021-&#8230; Read\/Write KM (dost\u0119pna od 29.04.2022)<\/li>\n<li><strong>KA0015<\/strong>\u00a0Kia Rio 2021 RH850 prepare Dashboard by JTAG (opcja dost\u0119pna od 27.06.2022)<\/li>\n<\/ul>\n<p>Optima Read\/Write EEprom, Read KM<\/p>\n<p>Ceed Read\/Write EEprom, Read KM<\/p>\n<p>Sportage Read\/Write EEprom, Read KM<\/p>\n<p>Magnetis\u00a0 Read\/Write EEprom, Read KM<\/p>\n<p>Sorento Read\/Write EEprom, Read KM<\/p>\n<ul>\n<li><strong>KA0004<\/strong>\u00a0Carnival MB91F061 OBD: Read\/Write Flash, Read KM<\/li>\n<li><strong>KA0004<\/strong>\u00a0Picanto MB91F061 OBD: Read\/Write Flash, Read KM<\/li>\n<li><strong>KA0004<\/strong>\u00a0Sedona MB91F061 OBD: Read\/Write Flash, Read KM<\/li>\n<li><strong>KA0004<\/strong>\u00a0Sorento MB91F061 OBD: Read\/Write Flash, Read KM<\/li>\n<li><strong>KA0004<\/strong>\u00a0Sorento MB91F067 OBD: Read\/Write Flash, Read KM<\/li>\n<li><strong>KA0002<\/strong>\u00a0Kia Sportage NEC 2014-&#8230; NEC 70F35xx\u00a0 Read EEprom, Read KM<\/li>\n<li><strong>KA0002<\/strong>\u00a0Kia Optima 2014-&#8230; NEC 70F35xx Read EEprom, Read\/Write KM<\/li>\n<li><strong>KA0001<\/strong>\u00a0Kia Magnetis NEC OBD: Read\/Write EE, Read KM<\/li>\n<li><strong>KA0001<\/strong>\u00a0Kia Sorento NEC OBD: Read\/Write EE, Read KM<\/li>\n<li><strong>KA0001\u00a0<\/strong>Kia Optima NEC OBD: Read\/Write EE, Read KM<\/li>\n<li><strong>KA0001<\/strong>\u00a0Kia Ceed NEC OBD: Read\/Write EE, Read KM<\/li>\n<li><strong>KA0001<\/strong>\u00a0Kia Sportage NEC OBD: Read\/Write EE, Read KM<\/li>\n<li><strong>KA0001<\/strong>\u00a0Kia Soul NEC OBD: Read\/Write EE, Read KM<\/li>\n<li><strong>KA0001\u00a0<\/strong>Kia Rio NEC OBD: Read\/Write EE, Read KM<\/li>\n<\/ul>\n<p>Hyundai:<\/p>\n<ul>\n<li><strong>KA0015<\/strong>\u00a0Hyundai Verna 2021 RH850 prepare Dashboard by JTAG (opcja dost\u0119pna od 27.06.2022)<\/li>\n<li><strong>KA0010\u00a0<\/strong>Hyundai 2013-&#8230; MB91F037+93C66 OBD Santa Fe, Tucson Read\/Write EEprom, Read\/Write Flash, Read info, Write &#8230; (dost\u0119pna od 07.01.2020)<\/li>\n<li><strong>KA0005<\/strong>\u00a0Azera NEC+24c16 2015-&#8230; Read\/Write EEprom, Read\/Write KM<\/li>\n<li><strong>KA0004\u00a0<\/strong>Avante MB91F061 OBD :Read\/Write Flash, Read KM<\/li>\n<li><strong>KA0004\u00a0<\/strong>Elantra MB91F061 OBD: Read\/Write Flash, Read KM<\/li>\n<li><strong>KA0004<\/strong>\u00a0Santafe MB91F061 OBD: Read\/Write Flash, Read KM<\/li>\n<li><strong>KA0004<\/strong>\u00a0I30 MB91F062 OBD: Read\/Write Flash, Read KM<\/li>\n<li><strong>KA0004\u00a0<\/strong>I40 MB91F062 OBD: Read\/Write Flash, Read KM<\/li>\n<li><strong>KA0004<\/strong>\u00a0Sonata MB91F062 OBD: Read\/Write Flash, Read KM<\/li>\n<li><strong>KA0004<\/strong>\u00a0Tucson MB91F062 OBD: Read\/Write Flash, Read KM<\/li>\n<li><strong>KA0004<\/strong>\u00a0Avante MB91F067 OBD: Read\/Write Flash, Read KM<\/li>\n<li><strong>KA0004<\/strong>\u00a0Elantra MB91F067 OBD: Read\/Write Flash, Read KM<\/li>\n<li><strong>KA0004<\/strong>\u00a0Santafe MB91F067 OBD: Read\/Write Flash, Read KM<\/li>\n<li><strong>KA0002<\/strong>\u00a0Hyundai I20 NEC 70F35xx Read\/Write EEprom Read KM<\/li>\n<li><strong>KA0002<\/strong>\u00a0Hyundai Tucson NEC 70F35xx Read\/Write EEprom, Read KM<\/li>\n<li><strong>KA0001<\/strong>\u00a0Hyundai Veloster NEC OBD: Read\/Write EE, Read KM<\/li>\n<li><strong>KA0001<\/strong>\u00a0Hyundai Genesis NEC OBD: Read\/Write EE, Read KM<\/li>\n<li><strong>KA0001<\/strong>\u00a0Hyundai Elantra NEC OBD: Read\/Write EE, Read KM<\/li>\n<li><strong>KA0001<\/strong>\u00a0Hyundai VeraCruz NEC OBD: Read\/Write EE,\u00a0Read KM<\/li>\n<li><strong>KA0001<\/strong>\u00a0Hyundai I20 NEC OBD:Read\/Write EE, Read KM<\/li>\n<li><strong>KA0001<\/strong>\u00a0Hyundai Azera NEC OBD: Read\/Write EE, Read KM<\/li>\n<li><strong>KA0001<\/strong>\u00a0Hyunday HB20 NEC OBD: Read\/Write EE, Read KM<\/li>\n<\/ul>\n","protected":false},"excerpt":{"rendered":"<p>KAP1 License package to service cars from Kia, Hyundai. The price of the kit consists of all licenses from the list below: &nbsp; Kia Dump tool mileage calculator: KA0003\u00a0KIA\/Hyundai EDC17 v1 KA0003\u00a0KIA\/Hyundai EDC17 v2 Supporting models and functions: Kia: KA0005\u00a0NEC+24c16 2015-&#8230; KA0006\u00a0Kia Sportage 2017 Yazaki\u00a0Read KM (dost\u0119pna od 02.03.2017) KA0007\u00a0Kia Sportage, Stringer, Hyundai Stonic OBD &hellip; <a href=\"https:\/\/slyauto.com\/fr\/shop\/kap1-smok-kia-hyundai-obd\/\" class=\"more-link\">Continue reading <span class=\"screen-reader-text\">KAP1 &#8211; SMOK Kia\/Hyundai OBD<\/span><\/a><\/p>\n","protected":false},"featured_media":8808,"comment_status":"open","ping_status":"closed","template":"","meta":[],"product_brand":[],"product_cat":[142],"product_tag":[],"class_list":{"0":"post-8814","1":"product","2":"type-product","3":"status-publish","4":"has-post-thumbnail","6":"product_cat-programmers","9":"instock","10":"shipping-taxable","11":"purchasable","12":"product-type-simple"},"_links":{"self":[{"href":"https:\/\/slyauto.com\/fr\/wp-json\/wp\/v2\/product\/8814","targetHints":{"allow":["GET"]}}],"collection":[{"href":"https:\/\/slyauto.com\/fr\/wp-json\/wp\/v2\/product"}],"about":[{"href":"https:\/\/slyauto.com\/fr\/wp-json\/wp\/v2\/types\/product"}],"replies":[{"embeddable":true,"href":"https:\/\/slyauto.com\/fr\/wp-json\/wp\/v2\/comments?post=8814"}],"wp:featuredmedia":[{"embeddable":true,"href":"https:\/\/slyauto.com\/fr\/wp-json\/wp\/v2\/media\/8808"}],"wp:attachment":[{"href":"https:\/\/slyauto.com\/fr\/wp-json\/wp\/v2\/media?parent=8814"}],"wp:term":[{"taxonomy":"product_brand","embeddable":true,"href":"https:\/\/slyauto.com\/fr\/wp-json\/wp\/v2\/product_brand?post=8814"},{"taxonomy":"product_cat","embeddable":true,"href":"https:\/\/slyauto.com\/fr\/wp-json\/wp\/v2\/product_cat?post=8814"},{"taxonomy":"product_tag","embeddable":true,"href":"https:\/\/slyauto.com\/fr\/wp-json\/wp\/v2\/product_tag?post=8814"}],"curies":[{"name":"wp","href":"https:\/\/api.w.org\/{rel}","templated":true}]}}