{"id":8821,"date":"2025-07-22T11:15:22","date_gmt":"2025-07-22T11:15:22","guid":{"rendered":"https:\/\/slyauto.com\/?post_type=product&#038;p=8821"},"modified":"2025-07-22T11:15:23","modified_gmt":"2025-07-22T11:15:23","slug":"ptp1-smok-psa-bsi-obd","status":"publish","type":"product","link":"https:\/\/slyauto.com\/fr\/shop\/ptp1-smok-psa-bsi-obd\/","title":{"rendered":"PTP1 &#8211; SMOK PSA BSI OBD"},"content":{"rendered":"<h3><strong>PTP1<\/strong><\/h3>\n<h2><\/h2>\n<h2>License package to service cars from the PSA Group. The price of the kit consists of all licenses from the list below:<\/h2>\n<ul>\n<li><strong>PT0024<\/strong>\u00a0Dashboard C3 C5 AirCross CMB-N3 by Dash Connector (opcja dost\u0119pna od 27.02.2023)<\/li>\n<li><strong>PT0023<\/strong>\u00a0Board Citroen C4 2020-\u2026 Visteon CMB-DN5 By dash Connector Read KM, Write&#8230; (opcja dost\u0119pna od 29.04.2022)<\/li>\n<li><strong>PT0021<\/strong>\u00a0Dashboard Peugeot 208 II Low 70F3529 przez z\u0142\u0105cze licznika Read\/Write EEprom, Read KM, Write&#8230; (opcja dost\u0119pna od 28.04.2021)<\/li>\n<li><strong>PT0020<\/strong>\u00a0Dashboard Peugeot 208 II Full Digital 2019-&#8230;\u00a0przez z\u0142\u0105cze licznika Read KM, Write&#8230; (opcja dost\u0119pna od 27.01.2021)<\/li>\n<li><strong>PT0016<\/strong>\u00a0Expert, Jumpy, C3, Toyota Proace RL78\/RH850 Read KM (opcja dost\u0119pna od 11.10.2018)<\/li>\n<li><strong>PT0015<\/strong>\u00a0BSI Delphi 2017-&#8230;\u00a0Read KM Citroen: Jumpi III, C3 ,C3 AirCross, Peugeot: Expert III, Toyota: ProAce (opcja dost\u0119pna od 19.02.2018)<\/li>\n<li><strong>PT0013<\/strong>\u00a0 Continental 06\/2015-&#8230; OBD Peugeot 308, Peugeot 508,\u00a0Citroen C4,\u00a0Citroen C4 Picasso,\u00a0Citroen DS4, Citroen DS5 (opcja dost\u0119pna od 13.11.2017)<\/li>\n<li><strong>PT0012<\/strong>\u00a0Peugeot 1007, 206, Partner , Citroen c2,c3,Berlingo BSI Siemens Kline NEC 76Fxxx +95160: Read KM,ViN,SW,HW, Read PIN, Read\/Write EEprom (opcja dost\u0119pna od 31.10.2016)<\/li>\n<li><strong>PT0006<\/strong>\u00a0BSI Continental model 2014\u00a0 Read\/Write EEprom, Erase History, Erase Error, &#8230;(Peugeot 308 2014&#8230;,Citroen C4\/Picasso 2014&#8230;)( dost\u0119pna od 02.10.2014). Oprogramowanie BSI od 04.2015 nie jest obs\u0142ugiwane<\/li>\n<\/ul>\n<p>BSI Valeo UDS OBD II (opcja dost\u0119pna od 22.05.2014):<\/p>\n<ul>\n<li><strong>PT0005<\/strong>\u00a0 Peugeot 208 &#8211; Read\/Write EEprom, Read KM, &#8230;<\/li>\n<li><strong>PT0005<\/strong>\u00a0Peugeot 2008 -Read\/Write EEprom, Read KM-Peugeot 301<\/li>\n<li><strong>PT0005<\/strong>\u00a0Peugeot 208 &#8211; Read\/Write EEprom, Read KM, &#8230;<\/li>\n<li><strong>PT0005<\/strong>\u00a0Citroen C-Elysee &#8211; Read\/Write EEprom, Read KM, &#8230;<\/li>\n<\/ul>\n<p>BSI:<\/p>\n<ul>\n<li><strong>PT0001<\/strong>\u00a0BSI Simens: Read Flash, Read\/Write EE, Erase History, &#8230;<\/li>\n<li><strong>PT0001<\/strong>\u00a0BSI Valeo: Read\/Write Flash, Erase History, &#8230;<\/li>\n<li><strong>PT0001<\/strong>\u00a0BSI Control Johnson: Read\/Write Flash, Erase History, &#8230;<\/li>\n<li><strong>PT0002<\/strong>\u00a0BSI Continental: Read\/Write EE, Read KM, &#8230;<\/li>\n<\/ul>\n<p>Supported counters and functions:<\/p>\n<ul>\n<li>\n<h3>Programming via JTAG programmer (requires a JTAG programmer with active licenses &#8220;JG0022 JG0026&#8221; or &#8220;UH0001&#8221;) (option available from 19.02.2018)<\/h3>\n<ul>\n<li><span class=\"short_text\" lang=\"en\" xml:lang=\"en\"><span class=\"alt-edited\">Citroen Jumpi III (R5F10xxx)<\/span><\/span><\/li>\n<li><span class=\"short_text\" lang=\"en\" xml:lang=\"en\"><span class=\"alt-edited\">Citroen C3 (R5F10xxx)<\/span><\/span><\/li>\n<li><span class=\"short_text\" lang=\"en\" xml:lang=\"en\"><span class=\"alt-edited\">CitroenC3 AirCross (R5F10xxx)<\/span><\/span><\/li>\n<li><span class=\"short_text\" lang=\"en\" xml:lang=\"en\"><span class=\"alt-edited\">Peugeot Expert III (R5F10xxx)<\/span><\/span><\/li>\n<li><span class=\"short_text\" lang=\"en\" xml:lang=\"en\"><span class=\"alt-edited\">Citroen Jumpi III (70F3529)<\/span><\/span><\/li>\n<li><span class=\"short_text\" lang=\"en\" xml:lang=\"en\"><span class=\"alt-edited\">Citroen C3 ,C3 AirCross (70F3529)<\/span><\/span><\/li>\n<li><span class=\"short_text\" lang=\"en\" xml:lang=\"en\"><span class=\"alt-edited\">Peugeot Expert III (70F3529)<\/span><\/span><\/li>\n<li><span class=\"short_text\" lang=\"en\" xml:lang=\"en\"><span class=\"alt-edited\">Toyota ProAce (R5F10xxx)<\/span><\/span><\/li>\n<li><span class=\"short_text\" lang=\"en\" xml:lang=\"en\"><span class=\"alt-edited\">Toyota ProAce (70F3529)<\/span><\/span><\/li>\n<\/ul>\n<\/li>\n<\/ul>\n<p>&nbsp;<\/p>\n<ul>\n<li><span class=\"short_text\" lang=\"en\" xml:lang=\"en\"><span class=\"alt-edited\"><strong>PT0011\u00a0PSA OBD<\/strong>\u00a0(opcja dost\u0119pna od 27.07.20016)<\/span><\/span>\n<ul>\n<li><span class=\"short_text\" lang=\"en\" xml:lang=\"en\"><span class=\"alt-edited\">Citroen C4 Picasso 2014 TFT OBD\u00a0 Read\/Write EEprom, Read KM<\/span><\/span><\/li>\n<li><span class=\"short_text\" lang=\"en\" xml:lang=\"en\"><span class=\"alt-edited\">Citroen C4 Cactus 2014 TFT OBD\u00a0\u00a0 Read\/Write EEprom, Read KM<\/span><\/span><\/li>\n<\/ul>\n<\/li>\n<\/ul>\n<p>&nbsp;<\/p>\n<ul>\n<li><strong>PT0009\u00a0<\/strong>Dash blocking in cars with BSI Jonson Control (Jonson Crypto, Jonson no Crypto). The feature allows programming at BSI level without having to remove the counter. (option available from 12.04.2016)\n<ul>\n<li>Peugeot 307<\/li>\n<li>Peugeot 407<\/li>\n<li>Peugeot Partner<\/li>\n<li>Citroen C4<\/li>\n<li>Citroen C5 (\u20262007)<\/li>\n<li>Citroen Berlingo<\/li>\n<\/ul>\n<\/li>\n<\/ul>\n<p>&nbsp;<\/p>\n<ul>\n<li><strong>PT0009<\/strong>\u00a0Citroen C5 2008-\u2026 OBD\u00a0<b>COLOR and Amber Read\/Write EEprom, Read Internal Flash, Write Full Flash, &#8230; Possibility of repairing the counter. (available from 29.03.2016)<\/b><\/li>\n<li><strong>PT0008<\/strong>\u00a0Peugeot Partner,3008,Citroen Berlingo 2015 BSI Jonson Control (SPC560) OBD Read\/Write Flash,\u00a0Read KM (dost\u0119pna od 10.09.2015) Uwaga!!! Wymagane posiadanie licencji PT0001<\/li>\n<li><strong>PT0003\u00a0<\/strong>Citroen C3 2009 Read\/Write EEprom, &#8230; (dost\u0119pna od 29.05.20015)<\/li>\n<li><strong>PT0003<\/strong>\u00a0Citroen DS5 Read\/Write EEprom, &#8230; (dost\u0119pna od 29.05.2015)<\/li>\n<li><strong>PT0007<\/strong>\u00a0Peugeot 308 2014 Read\/Write EEprom, &#8230; (dost\u0119pna od 24.02.2015)<\/li>\n<li><strong>PT0003\u00a0<\/strong>PSA Dash UDS OBD II (dost\u0119pna od 22.05.2014)<\/li>\n<li><strong>PT0003<\/strong>\u00a0Peugeot 208 Read\/Write EEprom, Read KM<\/li>\n<li><strong>PT0003<\/strong>\u00a0Peugeot 2008\u00a0 Read\/Write EEprom, Read KM<\/li>\n<li><strong>PT0003\u00a0<\/strong>Peugeot 301 Read\/Write EEprom, Read KM<\/li>\n<li><strong>PT0003<\/strong>\u00a0Citroen C-Elysee Read\/Write EEprom,Read KM<\/li>\n<li><strong>PT0003<\/strong>\u00a0PSA Dash Peugeot 3008\/5008: Read\/Write EE<\/li>\n<li><strong>PT0003<\/strong>\u00a0PSA Dash Peugeot 508: Read\/Write EE<\/li>\n<li><strong>PT0003<\/strong>\u00a0PSA Dash Citroen DS3: Read\/Write EE<\/li>\n<li><strong>PT0003<\/strong>\u00a0PSA Dash C4 2010: Read\/Write EE<\/li>\n<\/ul>\n<ul>\n<li><strong>PT 0007\u00a0<\/strong><b>Erase history in all BSI models<\/b>\u00a0(dost\u0119pna od 16.07.2014)<\/li>\n<\/ul>\n<ul>\n<li><strong>PT0007 Opcja Dump tool (kalkulator)<\/strong>\n<ul>\n<li>Liczniki:\n<ul>\n<li>Citroen C4 2014 95160<\/li>\n<li>Citroen C3 93c66 2009<\/li>\n<li>Citroen C4 24c16<\/li>\n<li>DS5 93c86<\/li>\n<li>C5 93c76<\/li>\n<li>C4 2014 95160 v1,v2<\/li>\n<li>Peugeot 508<\/li>\n<li>Peugeot 308 2014<\/li>\n<li>Peugeot 3008 2017 95160 (opcja dost\u0119pna od 07.08.2014)<\/li>\n<\/ul>\n<\/li>\n<li>ECU:\n<ul>\n<li>SID807<\/li>\n<li>EDC17 v1,v2,v3<\/li>\n<li>MED17 v1,v2<\/li>\n<li>DCM 3.4<\/li>\n<li>DCM 3.5<\/li>\n<li>MEV 17.4 v1,v2<\/li>\n<li>ME745(ST10)<\/li>\n<\/ul>\n<\/li>\n<li>BSI:\n<ul>\n<li>BSI Continental v1<\/li>\n<\/ul>\n<\/li>\n<\/ul>\n<\/li>\n<\/ul>\n","protected":false},"excerpt":{"rendered":"<p>PTP1 License package to service cars from the PSA Group. The price of the kit consists of all licenses from the list below: PT0024\u00a0Dashboard C3 C5 AirCross CMB-N3 by Dash Connector (opcja dost\u0119pna od 27.02.2023) PT0023\u00a0Board Citroen C4 2020-\u2026 Visteon CMB-DN5 By dash Connector Read KM, Write&#8230; (opcja dost\u0119pna od 29.04.2022) PT0021\u00a0Dashboard Peugeot 208 II &hellip; <a href=\"https:\/\/slyauto.com\/fr\/shop\/ptp1-smok-psa-bsi-obd\/\" class=\"more-link\">Continue reading <span class=\"screen-reader-text\">PTP1 &#8211; SMOK PSA BSI OBD<\/span><\/a><\/p>\n","protected":false},"featured_media":8808,"comment_status":"open","ping_status":"closed","template":"","meta":[],"product_brand":[],"product_cat":[142],"product_tag":[],"class_list":{"0":"post-8821","1":"product","2":"type-product","3":"status-publish","4":"has-post-thumbnail","6":"product_cat-programmers","9":"instock","10":"shipping-taxable","11":"purchasable","12":"product-type-simple"},"_links":{"self":[{"href":"https:\/\/slyauto.com\/fr\/wp-json\/wp\/v2\/product\/8821","targetHints":{"allow":["GET"]}}],"collection":[{"href":"https:\/\/slyauto.com\/fr\/wp-json\/wp\/v2\/product"}],"about":[{"href":"https:\/\/slyauto.com\/fr\/wp-json\/wp\/v2\/types\/product"}],"replies":[{"embeddable":true,"href":"https:\/\/slyauto.com\/fr\/wp-json\/wp\/v2\/comments?post=8821"}],"wp:featuredmedia":[{"embeddable":true,"href":"https:\/\/slyauto.com\/fr\/wp-json\/wp\/v2\/media\/8808"}],"wp:attachment":[{"href":"https:\/\/slyauto.com\/fr\/wp-json\/wp\/v2\/media?parent=8821"}],"wp:term":[{"taxonomy":"product_brand","embeddable":true,"href":"https:\/\/slyauto.com\/fr\/wp-json\/wp\/v2\/product_brand?post=8821"},{"taxonomy":"product_cat","embeddable":true,"href":"https:\/\/slyauto.com\/fr\/wp-json\/wp\/v2\/product_cat?post=8821"},{"taxonomy":"product_tag","embeddable":true,"href":"https:\/\/slyauto.com\/fr\/wp-json\/wp\/v2\/product_tag?post=8821"}],"curies":[{"name":"wp","href":"https:\/\/api.w.org\/{rel}","templated":true}]}}