{"id":8824,"date":"2025-07-22T11:32:57","date_gmt":"2025-07-22T11:32:57","guid":{"rendered":"https:\/\/slyauto.com\/?post_type=product&#038;p=8824"},"modified":"2025-07-22T11:32:58","modified_gmt":"2025-07-22T11:32:58","slug":"rnp1-smok-renault-obd","status":"publish","type":"product","link":"https:\/\/slyauto.com\/fr\/shop\/rnp1-smok-renault-obd\/","title":{"rendered":"RNP1 &#8211; SMOK Renault OBD"},"content":{"rendered":"<h3><strong>RNP1<\/strong><\/h3>\n<p>&nbsp;<\/p>\n<p>License package for the UHDS interface.<\/p>\n<p>&nbsp;<\/p>\n<p>A license package that allows you to service cars from Groupe Renault. The price of the kit consists of all the licenses from the list below<\/p>\n<p>Supporting models and functions:<\/p>\n<p>Renault:<\/p>\n<ul>\n<li><strong>RT0036<\/strong>\u00a0Renault Twingo EV Dashboard Monochrome 2019-&#8230; (opcja dost\u0119pna od 26.05.2023)<\/li>\n<li><strong>RT0029<\/strong>\u00a0Renault Espace IV 2003-2014 OBD Read\/Write EEprom&#8230; (opcja dost\u0119pna od 16.12.2019)<\/li>\n<li><strong>RT0003<\/strong>\u00a0ABS Laguna\/Megane 3 OBD<\/li>\n<li><strong>RT0017<\/strong>\u00a0Renault programowanie VIN (opcja dost\u0119pna od 02.05.2017)<\/li>\n<li><strong>RT0014<\/strong>\u00a0Reanult Twingo III, Smart 453 2014-&#8230;AMBER Read\/Write Flash, Block Synchro KM,\u00a0Read KM, &#8230; (opcja dost\u0119pna w pakiecie od 30.03.2017)<\/li>\n<li><strong>RT0016<\/strong>\u00a0Renault Scenic II 2003-&#8230; OBD Read\/Write EEprom,\u00a0Read KM, &#8230;(opcja dost\u0119pna od 14.03.2017)<\/li>\n<li><strong>RT0013<\/strong>\u00a0Renault Master 2015 (MB96F6xx \u2013no External EEPROM) DashBoard OBD Read\/Write EEprom,\u00a0Read KM, &#8230;(dost\u0119pna od 20.11.2015)<\/li>\n<li><strong>RT0011<\/strong>\u00a0EDC16 Espace\/Trafic Erase Data, Change VIN, Write Inject., Read KM, &#8230;<\/li>\n<li><strong>RT0011<\/strong>\u00a0EDC16 Scenic\/Megane Erase Data, Change VIN, Write Inject., Read KM, &#8230;<\/li>\n<li><strong>RT0007<\/strong>\u00a0Reanult Modus OBD\u00a0Read KM, &#8230; (opcja dost\u0119na od 10.03.2014)<\/li>\n<li><strong>RT0006<\/strong>\u00a0EDC17 Trafic Read KM, &#8230;<\/li>\n<li><strong>RT0006<\/strong>\u00a0EDC17 Master Read KM, &#8230;<\/li>\n<li><strong>RT0005<\/strong>\u00a0Espace 1998-2002 UCH HC08 Read\/Write EE, Read KM, &#8230;<\/li>\n<li><strong>RT0004<\/strong>\u00a0Renault Megane II 93c56 Read\/Write EE, Read KM, &#8230;<\/li>\n<li><strong>RT0004<\/strong>\u00a0Renault Clio III 24c04 Read\/Write EE, Read KM, &#8230;<\/li>\n<li><strong>RT0004\u00a0<\/strong>Renault Megane II 93c66 Read\/Write EE, Read KM, &#8230;<\/li>\n<li><strong>RT0004<\/strong>\u00a0Renault Megane II 24c04 Read\/Write EE, Read KM, &#8230;<\/li>\n<li><strong>RT0002<\/strong>\u00a0Renault Megane III Jonson Control (przed programowaniem nale\u017cy dokona\u0107 zmiany w module ABS lub za\u0142o\u017cy\u0107 CAN Filter) Read\/Write EE, Read\/Write Flash, Read KM, &#8230;<\/li>\n<li><strong>RT0002<\/strong>\u00a0Renault Trafic II 93c76 Read\/Write EE, Read KM, &#8230;<\/li>\n<li><strong>RT0002<\/strong>\u00a0Kango III 93c76 Read\/Write EE, Read KM, &#8230;<\/li>\n<li><strong>RT0002<\/strong>\u00a0Reanult Master III 93c76 Read\/Write EE, Read KM, &#8230;<\/li>\n<li><strong>RT0002<\/strong>\u00a0Renault Fluence 95160 Read\/Write EE, Read KM, &#8230;<\/li>\n<li><strong>RT0001<\/strong>\u00a0Reanult Kaleos 95160 Read\/Write EE, Read KM, &#8230;<\/li>\n<li><strong>RT0001<\/strong>\u00a0Renault Laguna II HC12 Read KM, &#8230;<\/li>\n<li><strong>RT0001<\/strong>\u00a0Renault Laguna III (przed programowaniem nale\u017cy dokona\u0107 zmiany w module ABS lub za\u0142o\u017cy\u0107 CAN Filter) Read\/Write EE, Read\/Write Flash, Read KM, &#8230;<\/li>\n<li><strong>RT0001<\/strong>\u00a0Renault Megane III VDO (przed programowaniem nale\u017cy dokona\u0107 zmiany w module ABS lub za\u0142o\u017cy\u0107 CAN Filter) Read\/Write EE, Read\/Write Flash, Read KM, &#8230;<\/li>\n<\/ul>\n<p>Dump Tool kalculator\u00a0 ECU:<\/p>\n<ul>\n<li><strong>FT0007<\/strong>\u00a0Renault Master EDC17 C11 v.1,2<\/li>\n<li><strong>FT0007<\/strong>\u00a0Renault Master EDC17 C42 V.1,2 O<\/li>\n<li><strong>FT0007<\/strong>\u00a0Renault Trafic EDC17 C11<\/li>\n<li><strong>FT0007<\/strong>\u00a0ABS Trafic 2015<\/li>\n<li><strong>FT0007<\/strong>\u00a0ABS Espace<\/li>\n<\/ul>\n","protected":false},"excerpt":{"rendered":"<p>RNP1 &nbsp; License package for the UHDS interface. &nbsp; A license package that allows you to service cars from Groupe Renault. The price of the kit consists of all the licenses from the list below Supporting models and functions: Renault: RT0036\u00a0Renault Twingo EV Dashboard Monochrome 2019-&#8230; (opcja dost\u0119pna od 26.05.2023) RT0029\u00a0Renault Espace IV 2003-2014 OBD &hellip; <a href=\"https:\/\/slyauto.com\/fr\/shop\/rnp1-smok-renault-obd\/\" class=\"more-link\">Continue reading <span class=\"screen-reader-text\">RNP1 &#8211; SMOK Renault OBD<\/span><\/a><\/p>\n","protected":false},"featured_media":8808,"comment_status":"open","ping_status":"closed","template":"","meta":[],"product_brand":[],"product_cat":[142],"product_tag":[],"class_list":{"0":"post-8824","1":"product","2":"type-product","3":"status-publish","4":"has-post-thumbnail","6":"product_cat-programmers","9":"instock","10":"shipping-taxable","11":"purchasable","12":"product-type-simple"},"_links":{"self":[{"href":"https:\/\/slyauto.com\/fr\/wp-json\/wp\/v2\/product\/8824","targetHints":{"allow":["GET"]}}],"collection":[{"href":"https:\/\/slyauto.com\/fr\/wp-json\/wp\/v2\/product"}],"about":[{"href":"https:\/\/slyauto.com\/fr\/wp-json\/wp\/v2\/types\/product"}],"replies":[{"embeddable":true,"href":"https:\/\/slyauto.com\/fr\/wp-json\/wp\/v2\/comments?post=8824"}],"wp:featuredmedia":[{"embeddable":true,"href":"https:\/\/slyauto.com\/fr\/wp-json\/wp\/v2\/media\/8808"}],"wp:attachment":[{"href":"https:\/\/slyauto.com\/fr\/wp-json\/wp\/v2\/media?parent=8824"}],"wp:term":[{"taxonomy":"product_brand","embeddable":true,"href":"https:\/\/slyauto.com\/fr\/wp-json\/wp\/v2\/product_brand?post=8824"},{"taxonomy":"product_cat","embeddable":true,"href":"https:\/\/slyauto.com\/fr\/wp-json\/wp\/v2\/product_cat?post=8824"},{"taxonomy":"product_tag","embeddable":true,"href":"https:\/\/slyauto.com\/fr\/wp-json\/wp\/v2\/product_tag?post=8824"}],"curies":[{"name":"wp","href":"https:\/\/api.w.org\/{rel}","templated":true}]}}