{"id":8855,"date":"2025-09-23T13:47:01","date_gmt":"2025-09-23T13:47:01","guid":{"rendered":"https:\/\/slyauto.com\/?post_type=product&#038;p=8855"},"modified":"2025-09-23T13:50:51","modified_gmt":"2025-09-23T13:50:51","slug":"oscilloscope-numerique-uni-t-upo1104-100-mhz-4-canaux","status":"publish","type":"product","link":"https:\/\/slyauto.com\/fr\/shop\/oscilloscope-numerique-uni-t-upo1104-100-mhz-4-canaux\/","title":{"rendered":"Oscilloscope num\u00e9rique UNI-T UPO1104 &#8211; 100 MHz, 4 canaux,"},"content":{"rendered":"<h2>UPO1104<\/h2>\n<p>La s\u00e9rie UPO1000 d&#8217;oscilloscopes num\u00e9riques au phosphore utilise la technologie UNI-T 3D Ultra phosphore 2.0 et offre une nouvelle mise \u00e0 niveau de la conception ainsi que des fonctionnalit\u00e9s telles que le stockage profond, un taux d&#8217;acquisition de formes d&#8217;onde \u00e9lev\u00e9, l&#8217;enregistrement et la reproduction de formes d&#8217;ondes en temps r\u00e9el, ainsi qu&#8217;un affichage en niveaux de gris \u00e0 256 niveaux. La s\u00e9rie est \u00e9quip\u00e9e de trois options de bande passante de 50 MHz, 100 MHz et 200 MHz et atteint un taux d&#8217;\u00e9chantillonnage en temps r\u00e9el jusqu&#8217;\u00e0 2 GSa\/s. La gamme compl\u00e8te dispose de 4 canaux, d&#8217;une profondeur de m\u00e9moire maximale de 56 Mpts et peut capturer jusqu&#8217;\u00e0 500.000 formes d&#8217;onde par seconde en mode rapide acquisition. Le mat\u00e9riel permet l&#8217;enregistrement et l&#8217;analyse en temps r\u00e9el et sans interruption de la forme d&#8217;onde jusqu&#8217;\u00e0 120.000 trames de forme d&#8217;onde. En outre, l&#8217;oscilloscope prend en charge un module DVM ind\u00e9pendant, de nombreuses fonctions de d\u00e9codage de signaux de d\u00e9clenchement et de bus ainsi que le d\u00e9codage mat\u00e9riel en temps r\u00e9el de l&#8217;ensemble de la m\u00e9moire.<\/p>\n<p><b>Caract\u00e9ristiques<\/b><\/p>\n<ul type=\"disc\">\n<li>Bande passante : 100 MHz<\/li>\n<li>Canaux : 4 analogiques<\/li>\n<li>Taux d&#8217;\u00e9chantillonnage en temps r\u00e9el : 2 GSa\/S.<\/li>\n<li>Temps de mont\u00e9e : = &lt; 3,5 ns<\/li>\n<li>Profondeur de m\u00e9moire : 56 Mpts<\/li>\n<li>Taux de d\u00e9tection de forme d&#8217;onde : 500.000 Wfms\/s.<\/li>\n<li>Imp\u00e9dance d&#8217;entr\u00e9e : (1 Mohm \u00b1 2 %) || (16 pF \u00b1 2 pF)<\/li>\n<li>G\u00e9n\u00e9rateur de forme d&#8217;onde : non<\/li>\n<li>Affichage : \u00e9cran LCD TFT de 7 pouces<\/li>\n<li>\u00c9cran tactile : non<\/li>\n<\/ul>\n","protected":false},"excerpt":{"rendered":"<h1>Oscilloscope \u00e0 m\u00e9moire num\u00e9rique, 100 MHz, 4 canaux<\/h1>\n","protected":false},"featured_media":8858,"comment_status":"open","ping_status":"closed","template":"","meta":[],"product_brand":[],"product_cat":[145],"product_tag":[],"class_list":{"0":"post-8855","1":"product","2":"type-product","3":"status-publish","4":"has-post-thumbnail","6":"product_cat-oscilloscope","9":"instock","10":"shipping-taxable","11":"purchasable","12":"product-type-simple"},"_links":{"self":[{"href":"https:\/\/slyauto.com\/fr\/wp-json\/wp\/v2\/product\/8855","targetHints":{"allow":["GET"]}}],"collection":[{"href":"https:\/\/slyauto.com\/fr\/wp-json\/wp\/v2\/product"}],"about":[{"href":"https:\/\/slyauto.com\/fr\/wp-json\/wp\/v2\/types\/product"}],"replies":[{"embeddable":true,"href":"https:\/\/slyauto.com\/fr\/wp-json\/wp\/v2\/comments?post=8855"}],"wp:featuredmedia":[{"embeddable":true,"href":"https:\/\/slyauto.com\/fr\/wp-json\/wp\/v2\/media\/8858"}],"wp:attachment":[{"href":"https:\/\/slyauto.com\/fr\/wp-json\/wp\/v2\/media?parent=8855"}],"wp:term":[{"taxonomy":"product_brand","embeddable":true,"href":"https:\/\/slyauto.com\/fr\/wp-json\/wp\/v2\/product_brand?post=8855"},{"taxonomy":"product_cat","embeddable":true,"href":"https:\/\/slyauto.com\/fr\/wp-json\/wp\/v2\/product_cat?post=8855"},{"taxonomy":"product_tag","embeddable":true,"href":"https:\/\/slyauto.com\/fr\/wp-json\/wp\/v2\/product_tag?post=8855"}],"curies":[{"name":"wp","href":"https:\/\/api.w.org\/{rel}","templated":true}]}}