{"id":8860,"date":"2025-09-27T14:54:13","date_gmt":"2025-09-27T14:54:13","guid":{"rendered":"https:\/\/slyauto.com\/?post_type=product&#038;p=8860"},"modified":"2025-09-27T14:54:14","modified_gmt":"2025-09-27T14:54:14","slug":"utd-2102-cex-digital-storage-oscilloscope-100mhz-1gs-s","status":"publish","type":"product","link":"https:\/\/slyauto.com\/fr\/shop\/utd-2102-cex-digital-storage-oscilloscope-100mhz-1gs-s\/","title":{"rendered":"UTD 2102 CEX Digital storage oscilloscope, 100MHz, 1GS\/s"},"content":{"rendered":"<p>UTD 2102 CEXOscilloscope \u00e0 m\u00e9moire num\u00e9rique avec grand \u00e9cran \u00c9cran LCD couleur de 7 pouces, 800 x 480 pixels Oscilloscope de stockage \u00e0 2 canaux avec des donn\u00e9es de performances exceptionnelles et un tr\u00e8s grand \u00e9cran couleur r\u00e9tro\u00e9clair\u00e9.Con\u00e7u pour une utilisation facile avec une mise en \u0153uvre tr\u00e8s rapide de l&#8217;entr\u00e9e de mesure. Id\u00e9al pour les travaux de service, la formation et l&#8217;assurance qualit\u00e9. \u2022 Port USB pour exporter les r\u00e9sultats de mesure vers votre PC \/ ordinateur portable Canaux: 2Bande passante: 100 MHzTaux d&#8217;\u00e9chantillonnage: 1 GS \/ sTemps de mont\u00e9e: &lt;3,5 nsProfondeur de m\u00e9moire: 25 kptsTaux d&#8217;acquisition de forme d&#8217;onde:&gt; 2000 wfms \/ sSensibilit\u00e9 verticale: 1 mV \/ div ~ 20 V \/ divBase de temps horizontale: 2ns \/ div ~ 50s \/ divFormulaires de stockage: configuration, wave, bitmapTypes de d\u00e9clenchement: front, largeur d&#8217;impulsion, en alternanceInterfaces: USB OTG Alimentation: 100-240 V AC, 40-440HzAffichage: 7 \\&#8221;, \u00e9cran LCD couleur 64k, 800 x 480 pixelsPoids: 2,2 kgDimensions: 306 x 147 x 122 mmCompris dans la livraison: oscilloscope \u00e0 m\u00e9moire num\u00e9rique, 2 sondes (1: 1, 10: 1), c\u00e2ble secteur, c\u00e2ble USB, logiciel PC, manuel d&#8217;utilisation (allemand, anglais)<\/p>\n","protected":false},"excerpt":{"rendered":"<h1 id=\"title\" class=\"a-size-large a-spacing-none\"><span id=\"productTitle\" class=\"a-size-large product-title-word-break\">UNI-T Digital Oscilloscopes UTD2102CEX+ 100 MHz 2 Analog Channels 1 GSa\/s Real-TIME Sample Rate 64 kpts 5000 wfm\/s<\/span><\/h1>\n","protected":false},"featured_media":8861,"comment_status":"open","ping_status":"closed","template":"","meta":[],"product_brand":[],"product_cat":[145],"product_tag":[],"class_list":{"0":"post-8860","1":"product","2":"type-product","3":"status-publish","4":"has-post-thumbnail","6":"product_cat-oscilloscope","9":"instock","10":"shipping-taxable","11":"purchasable","12":"product-type-simple"},"_links":{"self":[{"href":"https:\/\/slyauto.com\/fr\/wp-json\/wp\/v2\/product\/8860","targetHints":{"allow":["GET"]}}],"collection":[{"href":"https:\/\/slyauto.com\/fr\/wp-json\/wp\/v2\/product"}],"about":[{"href":"https:\/\/slyauto.com\/fr\/wp-json\/wp\/v2\/types\/product"}],"replies":[{"embeddable":true,"href":"https:\/\/slyauto.com\/fr\/wp-json\/wp\/v2\/comments?post=8860"}],"wp:featuredmedia":[{"embeddable":true,"href":"https:\/\/slyauto.com\/fr\/wp-json\/wp\/v2\/media\/8861"}],"wp:attachment":[{"href":"https:\/\/slyauto.com\/fr\/wp-json\/wp\/v2\/media?parent=8860"}],"wp:term":[{"taxonomy":"product_brand","embeddable":true,"href":"https:\/\/slyauto.com\/fr\/wp-json\/wp\/v2\/product_brand?post=8860"},{"taxonomy":"product_cat","embeddable":true,"href":"https:\/\/slyauto.com\/fr\/wp-json\/wp\/v2\/product_cat?post=8860"},{"taxonomy":"product_tag","embeddable":true,"href":"https:\/\/slyauto.com\/fr\/wp-json\/wp\/v2\/product_tag?post=8860"}],"curies":[{"name":"wp","href":"https:\/\/api.w.org\/{rel}","templated":true}]}}