{"id":8863,"date":"2025-09-29T08:12:35","date_gmt":"2025-09-29T08:12:35","guid":{"rendered":"https:\/\/slyauto.com\/?post_type=product&#038;p=8863"},"modified":"2025-09-29T08:12:35","modified_gmt":"2025-09-29T08:12:35","slug":"hantek-usb-oscilloscope-hantek-6022be","status":"publish","type":"product","link":"https:\/\/slyauto.com\/fr\/shop\/hantek-usb-oscilloscope-hantek-6022be\/","title":{"rendered":"Hantek USB Oscilloscope Hantek 6022BE"},"content":{"rendered":"<p>Bandwidth: 20MHz-200MHz; Sample Rate: 250MSa\/s;<br \/>\nExcellent industrial design-the same anodised aluminium casing as iPad, which is not only beautiful and tasteful but also greatly enhanced the hardness of aluminum alloy surface, and has good heat resistance and strong wearability.<br \/>\nStandard USBXI (TM) interface, easyly inserts into USBXI (TM) housing to make up a combination instrument.<\/p>\n","protected":false},"excerpt":{"rendered":"<p>La s\u00e9rie Hantek6002BE\u00a0<mark class=\"QVRyCf\">est une famille d&#8217;oscilloscopes num\u00e9riques virtuels portables et bas\u00e9s sur PC, aliment\u00e9s par USB, qui offre une bande passante allant de 20 MHz \u00e0 200 MHz et des fr\u00e9quences d&#8217;\u00e9chantillonnage allant jusqu&#8217;\u00e0 250 MSa\/s<\/mark><\/p>\n","protected":false},"featured_media":8864,"comment_status":"open","ping_status":"closed","template":"","meta":[],"product_brand":[],"product_cat":[145],"product_tag":[],"class_list":{"0":"post-8863","1":"product","2":"type-product","3":"status-publish","4":"has-post-thumbnail","6":"product_cat-oscilloscope","9":"instock","10":"shipping-taxable","11":"purchasable","12":"product-type-simple"},"_links":{"self":[{"href":"https:\/\/slyauto.com\/fr\/wp-json\/wp\/v2\/product\/8863","targetHints":{"allow":["GET"]}}],"collection":[{"href":"https:\/\/slyauto.com\/fr\/wp-json\/wp\/v2\/product"}],"about":[{"href":"https:\/\/slyauto.com\/fr\/wp-json\/wp\/v2\/types\/product"}],"replies":[{"embeddable":true,"href":"https:\/\/slyauto.com\/fr\/wp-json\/wp\/v2\/comments?post=8863"}],"wp:featuredmedia":[{"embeddable":true,"href":"https:\/\/slyauto.com\/fr\/wp-json\/wp\/v2\/media\/8864"}],"wp:attachment":[{"href":"https:\/\/slyauto.com\/fr\/wp-json\/wp\/v2\/media?parent=8863"}],"wp:term":[{"taxonomy":"product_brand","embeddable":true,"href":"https:\/\/slyauto.com\/fr\/wp-json\/wp\/v2\/product_brand?post=8863"},{"taxonomy":"product_cat","embeddable":true,"href":"https:\/\/slyauto.com\/fr\/wp-json\/wp\/v2\/product_cat?post=8863"},{"taxonomy":"product_tag","embeddable":true,"href":"https:\/\/slyauto.com\/fr\/wp-json\/wp\/v2\/product_tag?post=8863"}],"curies":[{"name":"wp","href":"https:\/\/api.w.org\/{rel}","templated":true}]}}