{"id":8890,"date":"2026-01-04T14:03:49","date_gmt":"2026-01-04T14:03:49","guid":{"rendered":"https:\/\/slyauto.com\/?post_type=product&#038;p=8890"},"modified":"2026-01-04T14:03:50","modified_gmt":"2026-01-04T14:03:50","slug":"jdiag-m200-handheld-motorcycle-diagnostic-scanner-full-version-dual-system-motorcycle-tester-professional-battery-tester","status":"publish","type":"product","link":"https:\/\/slyauto.com\/fr\/shop\/jdiag-m200-handheld-motorcycle-diagnostic-scanner-full-version-dual-system-motorcycle-tester-professional-battery-tester\/","title":{"rendered":"JDiag M200 Handheld Motorcycle Diagnostic Scanner Full Version Dual System Motorcycle Tester Professional Battery Tester"},"content":{"rendered":"<div><strong>JDiag M200 Handheld Motorcycle Diagnostic Scanner Full Version<\/strong><\/div>\n<div><\/div>\n<div>JDiag M200 est un outil de diagnostic de moto portable de nouvelle g\u00e9n\u00e9ration, c&#8217;est un testeur de moto \u00e0 double syst\u00e8me et un testeur de batterie professionnel, multifonctionnel pour d\u00e9tecter et r\u00e9soudre les probl\u00e8mes de moto, il peut aider \u00e0 diagnostiquer toutes sortes de probl\u00e8mes de moto.<\/p>\n<p>Multilingue : anglais, chinois, espagnol, fran\u00e7ais, tha\u00eflandais, turc, portugais, etc.<\/p><\/div>\n<div><\/div>\n<div><strong>Functions:<\/strong><\/div>\n<div><\/div>\n<div>Lecture des informations syst\u00e8me<br \/>\nGel des donn\u00e9es<br \/>\nTest de la batterie<\/p>\n<p>Effacement des codes d&#8217;erreur<br \/>\nTest du syst\u00e8me ABS<br \/>\nTest de charge<\/p>\n<p>Interrogation DTC<br \/>\nR\u00e9glage du CO au ralenti<br \/>\nTest de d\u00e9marrage<br \/>\nTest de l&#8217;actionneur<br \/>\nGuide de d\u00e9pannage<\/p>\n<p>Sortie de signal<br \/>\nLecture des codes d&#8217;erreur<br \/>\nImpression des donn\u00e9es<br \/>\nTest du relais<br \/>\nLecture du flux de donn\u00e9es<br \/>\nTest de l&#8217;injecteur<\/p><\/div>\n<div><\/div>\n<div><strong>Specifications:<\/strong><\/div>\n<div><\/div>\n<div>Screen size: 3.5 inches Resolution: 480&#215;320<\/div>\n<div>Power supply: DC 8V-30V<\/div>\n<div>Operating current: 150mA<\/div>\n<div>Operating temperature: 0-70\u2103<\/div>\n<div>Humidity:&lt;90%<\/div>\n<div>Upgrade port: WiFi\/USB<\/div>\n<div>Communication port: COM port<\/div>\n<div><\/div>\n<div>Supported Models\uff1aAEON, APRILIA, BENELLI , BMW\uff0c hartford \uff0cHONDA, KAWASAKI\uff0cKTM, KYMCO , PIAGGIO \uff0cPGO\uff0c SUZUKI, SYM\uff0c VESPA, YAMAHA, OBDII\uff0cADIVA , ARCTIC CAT , BAJAJ , BRIXTON , BOMBARDIER , CFMOTO , FIT , HYOSUNG , HERO , INDIAN , MODENAS , ENFIELD , ROJO \uff0c TVS , TRIUMPH , YIBEN \uff0cGPX\uff0cPEUGEOT\uff0cMORINI.<\/div>\n<div><\/div>\n<div><strong>Package includes:<\/strong><\/div>\n<div><\/div>\n<div>\n<div>1pc x JDiag M200 main unit<\/div>\n<div>1pc x MOTO-13 cable<\/div>\n<div>1pc x MOTO-12 cable<\/div>\n<div>1pc x MOTO-11 cable<\/div>\n<div>1pc x MOTO-10 cable<\/div>\n<div>1pc x MOTO-09 cable<\/div>\n<div>1pc x MOTO-05 cable<\/div>\n<div>1pc x MOTO-04 cable<\/div>\n<div>1pc x MOTO-03 cable<\/div>\n<div>1pc x MOTO-02 cable<\/div>\n<div>1pc x MOTO-01 cable<\/div>\n<div>1pc x USB cable<\/div>\n<div>1pc x Double-ended Type-C cable<\/div>\n<div>1pc x Relay closure<\/div>\n<div>1pc x Print paper<\/div>\n<div>1pc x Manual<\/div>\n<\/div>\n","protected":false},"excerpt":{"rendered":"<p>JDiag M200 est un outil de diagnostic de moto portable de nouvelle g\u00e9n\u00e9ration, c&#8217;est un testeur de moto \u00e0 double syst\u00e8me et un testeur de batterie professionnel, multifonctionnel pour d\u00e9tecter et r\u00e9soudre les probl\u00e8mes de moto, il peut aider \u00e0 diagnostiquer toutes sortes de probl\u00e8mes de moto.<\/p>\n","protected":false},"featured_media":8891,"comment_status":"open","ping_status":"closed","template":"","meta":[],"product_brand":[],"product_cat":[161,143,140],"product_tag":[],"class_list":{"0":"post-8890","1":"product","2":"type-product","3":"status-publish","4":"has-post-thumbnail","6":"product_cat-battery-and-hybrid","7":"product_cat-diagnostic-interfaces","8":"product_cat-news","11":"instock","12":"shipping-taxable","13":"purchasable","14":"product-type-simple"},"_links":{"self":[{"href":"https:\/\/slyauto.com\/fr\/wp-json\/wp\/v2\/product\/8890","targetHints":{"allow":["GET"]}}],"collection":[{"href":"https:\/\/slyauto.com\/fr\/wp-json\/wp\/v2\/product"}],"about":[{"href":"https:\/\/slyauto.com\/fr\/wp-json\/wp\/v2\/types\/product"}],"replies":[{"embeddable":true,"href":"https:\/\/slyauto.com\/fr\/wp-json\/wp\/v2\/comments?post=8890"}],"wp:featuredmedia":[{"embeddable":true,"href":"https:\/\/slyauto.com\/fr\/wp-json\/wp\/v2\/media\/8891"}],"wp:attachment":[{"href":"https:\/\/slyauto.com\/fr\/wp-json\/wp\/v2\/media?parent=8890"}],"wp:term":[{"taxonomy":"product_brand","embeddable":true,"href":"https:\/\/slyauto.com\/fr\/wp-json\/wp\/v2\/product_brand?post=8890"},{"taxonomy":"product_cat","embeddable":true,"href":"https:\/\/slyauto.com\/fr\/wp-json\/wp\/v2\/product_cat?post=8890"},{"taxonomy":"product_tag","embeddable":true,"href":"https:\/\/slyauto.com\/fr\/wp-json\/wp\/v2\/product_tag?post=8890"}],"curies":[{"name":"wp","href":"https:\/\/api.w.org\/{rel}","templated":true}]}}