{"id":8923,"date":"2026-01-24T15:10:14","date_gmt":"2026-01-24T15:10:14","guid":{"rendered":"https:\/\/slyauto.com\/?post_type=product&#038;p=8923"},"modified":"2026-01-24T15:10:15","modified_gmt":"2026-01-24T15:10:15","slug":"vcdscan-for-vw-audi-skoda-seat-diagnostic-tools-free-update","status":"publish","type":"product","link":"https:\/\/slyauto.com\/fr\/shop\/vcdscan-for-vw-audi-skoda-seat-diagnostic-tools-free-update\/","title":{"rendered":"VCDSCAN For VW AUDI Skoda Seat Diagnostic Tools Free update"},"content":{"rendered":"<h1 class=\"tw-m-0 md:tw-font-medium type-title-font-family tw-break-words  product-title-transform product-info__header_title\"><span dir=\"auto\"><span class=\"VIpgJd-yAWNEb-VIpgJd-fmcmS-sn54Q\" dir=\"auto\">FLY VCDSCAN VIN illimit\u00e9s V25.3 Codage VAG COM HEX R\u00e9el V2 STM32F429 Outils de diagnostic pour VW AUDI Skoda Seat Mise \u00e0 jour gratuite<\/span><\/span><\/h1>\n","protected":false},"excerpt":{"rendered":"<p>VCDSCAN Unlimited VINs V25.3 VAG Coding COM HEX Real V2 STM32F429\u00a0For VW AUDI Skoda Seat Diagnostic Tools<\/p>\n","protected":false},"featured_media":8925,"comment_status":"open","ping_status":"closed","template":"","meta":[],"product_brand":[],"product_cat":[143],"product_tag":[],"class_list":{"0":"post-8923","1":"product","2":"type-product","3":"status-publish","4":"has-post-thumbnail","6":"product_cat-diagnostic-interfaces","9":"instock","10":"shipping-taxable","11":"purchasable","12":"product-type-simple"},"_links":{"self":[{"href":"https:\/\/slyauto.com\/fr\/wp-json\/wp\/v2\/product\/8923","targetHints":{"allow":["GET"]}}],"collection":[{"href":"https:\/\/slyauto.com\/fr\/wp-json\/wp\/v2\/product"}],"about":[{"href":"https:\/\/slyauto.com\/fr\/wp-json\/wp\/v2\/types\/product"}],"replies":[{"embeddable":true,"href":"https:\/\/slyauto.com\/fr\/wp-json\/wp\/v2\/comments?post=8923"}],"wp:featuredmedia":[{"embeddable":true,"href":"https:\/\/slyauto.com\/fr\/wp-json\/wp\/v2\/media\/8925"}],"wp:attachment":[{"href":"https:\/\/slyauto.com\/fr\/wp-json\/wp\/v2\/media?parent=8923"}],"wp:term":[{"taxonomy":"product_brand","embeddable":true,"href":"https:\/\/slyauto.com\/fr\/wp-json\/wp\/v2\/product_brand?post=8923"},{"taxonomy":"product_cat","embeddable":true,"href":"https:\/\/slyauto.com\/fr\/wp-json\/wp\/v2\/product_cat?post=8923"},{"taxonomy":"product_tag","embeddable":true,"href":"https:\/\/slyauto.com\/fr\/wp-json\/wp\/v2\/product_tag?post=8923"}],"curies":[{"name":"wp","href":"https:\/\/api.w.org\/{rel}","templated":true}]}}